{"id":1900,"date":"2020-09-28T08:48:44","date_gmt":"2020-09-28T08:48:44","guid":{"rendered":"https:\/\/www.chicha-tiime.fr\/?post_type=product&#038;p=1900"},"modified":"2024-08-13T13:24:11","modified_gmt":"2024-08-13T13:24:11","slug":"kaloud-lotus-black-niris-1","status":"publish","type":"product","link":"https:\/\/www.chicha-tiime.fr\/en\/product\/kaloud-lotus-black-niris-1\/","title":{"rendered":"KALOUD LOTUS BLACK NIRIS 1+"},"content":{"rendered":"<p>KALOUD \u00ae est la r\u00e9f\u00e9rence en syst\u00e8me de r\u00e9gulation de chauffe, avec le premier syst\u00e8me brevet\u00e9, le\u00a0 KALOUD LOTUS \u00ae, qui a r\u00e9volutionn\u00e9 le monde de la chicha ces derni\u00e8res ann\u00e9es avec un syst\u00e8me particuli\u00e8rement innovant permettant de r\u00e9guler la chauffe des charbons naturels en cubes, autrefois r\u00e9serv\u00e9s aux initi\u00e9s. Il permet \u00e9galement de r\u00e9duire consid\u00e9rablement les r\u00e9sidus de cendres. L&rsquo;utilisation de charbons coco est devenu d&rsquo;une grande simplicit\u00e9, en effet, le KALOUD LOTUS \u00ae s&rsquo;occupe de tout, plus de mauvaises surprises de chichas mal pr\u00e9par\u00e9es !<\/p>\n<p>La nouvelle version KALOUD LOTUS I+ \u00ae est encore plus grand que son pr\u00e9d\u00e9cesseur et permet d&rsquo;y disposer 3 vrais cubes de charbons coco standards.<\/p>\n<p>Le KALOUD LOTUS I+ \u00ae dispose \u00e9galement de rainures permettant de sur\u00e9lev\u00e9s les charbons afin d&rsquo;\u00e9viter qu&rsquo;ils ne s&rsquo;\u00e9teignent du dessous.<\/p>\n<p><span id=\"result_box\" lang=\"fr\" xml:lang=\"fr\">Le KALOUD LOTUS I + \u00ae est une \u0153uvre d&rsquo;art brevet\u00e9e fabriqu\u00e9e avec des mat\u00e9riaux de la plus haute qualit\u00e9 disponibles en utilisant une technologie de fabrication typiquement r\u00e9serv\u00e9e \u00e0 l&rsquo;industrie a\u00e9rospatiale et m\u00e9dicale.<\/span><\/p>","protected":false},"excerpt":{"rendered":"<p><!-- Description courte du produit --><br \/>\nKALOUD LOTUS BLACK NIRIS I+\u00a0 v\u00e9ritable innovation en syst\u00e8me de chauffe, peut contenir 3 cubes de charbons.<br \/>\n<a style=\"color: black;\" href=\"#tab-title-description\"><i>Plus de d\u00e9tails<\/i><\/a><\/p>","protected":false},"featured_media":1901,"comment_status":"open","ping_status":"closed","template":"","meta":{"om_disable_all_campaigns":false,"_monsterinsights_skip_tracking":false,"_monsterinsights_sitenote_active":false,"_monsterinsights_sitenote_note":"","_monsterinsights_sitenote_category":0,"_uf_show_specific_survey":0,"_uf_disable_surveys":false},"product_brand":[],"product_cat":[55,54,288],"product_tag":[223],"class_list":{"0":"post-1900","1":"product","2":"type-product","3":"status-publish","4":"has-post-thumbnail","6":"product_cat-accessoires","7":"product_cat-foyer","8":"product_cat-systeme-de-chauffe","9":"product_tag-kaloud-samsaris","10":"pa_categorie-accessoires","12":"first","13":"instock","14":"taxable","15":"shipping-taxable","16":"purchasable","17":"product-type-simple"},"aioseo_notices":[],"jetpack_sharing_enabled":true,"_links":{"self":[{"href":"https:\/\/www.chicha-tiime.fr\/en\/wp-json\/wp\/v2\/product\/1900","targetHints":{"allow":["GET"]}}],"collection":[{"href":"https:\/\/www.chicha-tiime.fr\/en\/wp-json\/wp\/v2\/product"}],"about":[{"href":"https:\/\/www.chicha-tiime.fr\/en\/wp-json\/wp\/v2\/types\/product"}],"replies":[{"embeddable":true,"href":"https:\/\/www.chicha-tiime.fr\/en\/wp-json\/wp\/v2\/comments?post=1900"}],"wp:featuredmedia":[{"embeddable":true,"href":"https:\/\/www.chicha-tiime.fr\/en\/wp-json\/wp\/v2\/media\/1901"}],"wp:attachment":[{"href":"https:\/\/www.chicha-tiime.fr\/en\/wp-json\/wp\/v2\/media?parent=1900"}],"wp:term":[{"taxonomy":"product_brand","embeddable":true,"href":"https:\/\/www.chicha-tiime.fr\/en\/wp-json\/wp\/v2\/product_brand?post=1900"},{"taxonomy":"product_cat","embeddable":true,"href":"https:\/\/www.chicha-tiime.fr\/en\/wp-json\/wp\/v2\/product_cat?post=1900"},{"taxonomy":"product_tag","embeddable":true,"href":"https:\/\/www.chicha-tiime.fr\/en\/wp-json\/wp\/v2\/product_tag?post=1900"}],"curies":[{"name":"wp","href":"https:\/\/api.w.org\/{rel}","templated":true}]}}