{"id":1895,"date":"2020-09-28T08:35:56","date_gmt":"2020-09-28T08:35:56","guid":{"rendered":"https:\/\/www.chicha-tiime.fr\/?post_type=product&#038;p=1895"},"modified":"2024-08-13T13:24:11","modified_gmt":"2024-08-13T13:24:11","slug":"kaloud-lotus-i","status":"publish","type":"product","link":"https:\/\/www.chicha-tiime.fr\/en\/product\/kaloud-lotus-i\/","title":{"rendered":"KALOUD LOTUS I + System de chauffe"},"content":{"rendered":"<h1>D\u00e9couvrez l&rsquo;innovation ultime en mati\u00e8re de chicha avec le KALOUD Lotus<\/h1>\n<p>Le syst\u00e8me de r\u00e9gulation de chauffe qui a r\u00e9volutionn\u00e9 l&rsquo;exp\u00e9rience des amateurs de narguil\u00e9. Dot\u00e9 du premier syst\u00e8me brevet\u00e9, le <a href=\"https:\/\/fr.kaloud-europe.com\/\">KALOUD Lotus<\/a> offre une chauffe r\u00e9gul\u00e9e pour les charbons naturels en cubes, autrefois r\u00e9serv\u00e9s aux connaisseurs.<\/p>\n<p>Cette technologie novatrice permet non seulement de prolonger vos sessions de chicha, mais aussi d&rsquo;intensifier les saveurs de votre tabac pr\u00e9f\u00e9r\u00e9.<\/p>\n<h2>Le KALOUD Lotus excelle dans la r\u00e9duction des r\u00e9sidus de cendres.<\/h2>\n<p>Offrant une pr\u00e9paration simplifi\u00e9e de la chicha sans les mauvaises surprises. Avec la nouvelle version, le KALOUD Lotus I+, l&rsquo;exp\u00e9rience est encore am\u00e9lior\u00e9e.<\/p>\n<p>Ce mod\u00e8le plus grand vous permet de disposer trois v\u00e9ritables cubes de charbons coco standards, tandis que les rainures int\u00e9gr\u00e9es sur\u00e9l\u00e8vent les charbons pour \u00e9viter toute extinction par le dessous.<\/p>\n<h2>L&rsquo;esth\u00e9tique du KALOUD Lotus I+ n&rsquo;est pas en reste.<\/h2>\n<p>Il repr\u00e9sente une v\u00e9ritable \u0153uvre d&rsquo;art brevet\u00e9e.<\/p>\n<p>Fabriqu\u00e9 avec des mat\u00e9riaux de la plus haute qualit\u00e9, utilisant une technologie de fabrication issue de l&rsquo;industrie a\u00e9rospatiale et m\u00e9dicale, ce dispositif garantit une performance exceptionnelle, une durabilit\u00e9 et une fiabilit\u00e9 in\u00e9gal\u00e9es.<\/p>\n<p>Plongez dans une exp\u00e9rience chicha unique avec le KALOUD Lotus, o\u00f9 l&rsquo;innovation rencontre l&rsquo;art, offrant des sessions prolong\u00e9es, des saveurs intensifi\u00e9es et une simplicit\u00e9 de pr\u00e9paration in\u00e9gal\u00e9e.<\/p>\n<p>Faites de chaque moment chicha une exp\u00e9rience m\u00e9morable avec le KALOUD Lotus &#8211; le choix des connaisseurs, l&rsquo;excellence du narguil\u00e9 moderne.<\/p>\n<h4><strong>Recommandation :<\/strong><\/h4>\n<p>Pour une session optimale et efficace nous vous recommandons des <a href=\"https:\/\/www.chicha-tiime.fr\/en\/?s=foyer+&amp;post_type=product&amp;dgwt_wcas=1\">foyer funnel type verre ou en terre cuite<\/a>.<\/p>\n<p><img decoding=\"async\" src=\"https:\/\/www.chicha-tiime.fr\/wp-content\/uploads\/2020\/10\/foyer-vortex-h2-200x200.jpg\" alt=\"Image du produit\" \/><img decoding=\"async\" src=\"https:\/\/www.chicha-tiime.fr\/wp-content\/uploads\/2023\/08\/IMG_4598-200x200.jpeg\" alt=\"Image du produit\" \/><\/p>","protected":false},"excerpt":{"rendered":"<p><!-- Description courte du produit --><br \/>\nKALOUD LOTUS I+ \u00ae v\u00e9ritable innovation en syst\u00e8me de chauffe, peut contenir 3 cubes de charbons.<br \/>\n<a style=\"color: black;\" href=\"#tab-title-description\"><i>Plus de d\u00e9tails<\/i><\/a><\/p>","protected":false},"featured_media":1896,"comment_status":"open","ping_status":"closed","template":"","meta":{"om_disable_all_campaigns":false,"_monsterinsights_skip_tracking":false,"_monsterinsights_sitenote_active":false,"_monsterinsights_sitenote_note":"","_monsterinsights_sitenote_category":0,"_uf_show_specific_survey":0,"_uf_disable_surveys":false},"product_brand":[],"product_cat":[55,54,288],"product_tag":[223],"class_list":{"0":"post-1895","1":"product","2":"type-product","3":"status-publish","4":"has-post-thumbnail","6":"product_cat-accessoires","7":"product_cat-foyer","8":"product_cat-systeme-de-chauffe","9":"product_tag-kaloud-samsaris","10":"pa_categorie-accessoires","12":"first","13":"instock","14":"taxable","15":"shipping-taxable","16":"purchasable","17":"product-type-simple"},"aioseo_notices":[],"jetpack_sharing_enabled":true,"_links":{"self":[{"href":"https:\/\/www.chicha-tiime.fr\/en\/wp-json\/wp\/v2\/product\/1895","targetHints":{"allow":["GET"]}}],"collection":[{"href":"https:\/\/www.chicha-tiime.fr\/en\/wp-json\/wp\/v2\/product"}],"about":[{"href":"https:\/\/www.chicha-tiime.fr\/en\/wp-json\/wp\/v2\/types\/product"}],"replies":[{"embeddable":true,"href":"https:\/\/www.chicha-tiime.fr\/en\/wp-json\/wp\/v2\/comments?post=1895"}],"wp:featuredmedia":[{"embeddable":true,"href":"https:\/\/www.chicha-tiime.fr\/en\/wp-json\/wp\/v2\/media\/1896"}],"wp:attachment":[{"href":"https:\/\/www.chicha-tiime.fr\/en\/wp-json\/wp\/v2\/media?parent=1895"}],"wp:term":[{"taxonomy":"product_brand","embeddable":true,"href":"https:\/\/www.chicha-tiime.fr\/en\/wp-json\/wp\/v2\/product_brand?post=1895"},{"taxonomy":"product_cat","embeddable":true,"href":"https:\/\/www.chicha-tiime.fr\/en\/wp-json\/wp\/v2\/product_cat?post=1895"},{"taxonomy":"product_tag","embeddable":true,"href":"https:\/\/www.chicha-tiime.fr\/en\/wp-json\/wp\/v2\/product_tag?post=1895"}],"curies":[{"name":"wp","href":"https:\/\/api.w.org\/{rel}","templated":true}]}}