{"id":1842,"date":"2020-09-24T15:09:11","date_gmt":"2020-09-24T15:09:11","guid":{"rendered":"https:\/\/www.chicha-tiime.fr\/?post_type=product&#038;p=1842"},"modified":"2024-08-13T13:24:12","modified_gmt":"2024-08-13T13:24:12","slug":"chicha-box-travel-dum","status":"publish","type":"product","link":"https:\/\/www.chicha-tiime.fr\/en\/product\/chicha-box-travel-dum\/","title":{"rendered":"Chicha Box Travel &#8211; DUM"},"content":{"rendered":"<p>D\u00e9clinaison de la\u00a0<strong>chicha DUM Box<\/strong>, la DUM Box Travel se compose d\u2019un narguil\u00e9 sous forme de bo\u00eete, livr\u00e9 avec tous ses accessoires pour une chicha facile \u00e0 utiliser : un\u00a0<strong>tuyau<\/strong>\u00a0ave<strong>c manche<\/strong>\u00a0en aluminium assorti \u00e0 la chicha et<strong>\u00a0flexible en silicone<\/strong>, un<strong>\u00a0foyer de type traditionnel<\/strong>\u00a0en silicone, et m\u00eame un\u00a0<strong>syst\u00e8me de chauffe<\/strong>\u00a0en aluminium de<strong>\u00a0type Kaloud<\/strong>\u00a0pour vos sessions chicha. Tout a \u00e9t\u00e9 pens\u00e9 pour une chicha pr\u00eate \u00e0 l\u2019emploi et facile \u00e0 transporter. Vous retrouverez \u00e9galement un\u00a0<strong>bo\u00eetier base LED<\/strong>\u00a0\u00e0 placer sous votre chicha pour un effet garanti pendant vos sessions !<\/p>","protected":false},"excerpt":{"rendered":"<p>Si vous cherchez une\u00a0<strong>petite chicha<\/strong>\u00a0\u00e0 emporter partout pour vos vacances ou vos week-ends, la\u00a0<strong>DUM\u00a0Box Travel<\/strong>\u00a0est sans aucun doute ce qu\u2019il vous faut ! Cette<strong>\u00a0chicha voyage<\/strong>\u00a0livr\u00e9e dans sa mallette de transport sera votre meilleure alli\u00e9e pour vos sessions en ext\u00e9rieur.<br \/>\n<!-- Description courte du produit --><\/p>\n<p><a style=\"color: black;\" href=\"#tab-title-description\"><i>Plus de d\u00e9tails<\/i><\/a><\/p>","protected":false},"featured_media":1847,"comment_status":"open","ping_status":"closed","template":"","meta":{"om_disable_all_campaigns":false,"_monsterinsights_skip_tracking":false,"_monsterinsights_sitenote_active":false,"_monsterinsights_sitenote_note":"","_monsterinsights_sitenote_category":0,"_uf_show_specific_survey":0,"_uf_disable_surveys":false},"product_brand":[],"product_cat":[50,68,283,341],"product_tag":[216],"class_list":{"0":"post-1842","1":"product","2":"type-product","3":"status-publish","4":"has-post-thumbnail","6":"product_cat-chicha","7":"product_cat-chichas-classiques","8":"product_cat-chichas-premier-prix","9":"product_cat-soldes","10":"product_tag-dum","11":"pa_categorie-chicha","12":"pa_categorie-chicha-grand-public","13":"pa_couleurs-blanc","14":"pa_couleurs-bleu","15":"pa_couleurs-noir","16":"pa_couleurs-rose","18":"first","19":"instock","20":"sale","21":"taxable","22":"shipping-taxable","23":"purchasable","24":"product-type-variable"},"aioseo_notices":[],"jetpack_sharing_enabled":true,"_links":{"self":[{"href":"https:\/\/www.chicha-tiime.fr\/en\/wp-json\/wp\/v2\/product\/1842","targetHints":{"allow":["GET"]}}],"collection":[{"href":"https:\/\/www.chicha-tiime.fr\/en\/wp-json\/wp\/v2\/product"}],"about":[{"href":"https:\/\/www.chicha-tiime.fr\/en\/wp-json\/wp\/v2\/types\/product"}],"replies":[{"embeddable":true,"href":"https:\/\/www.chicha-tiime.fr\/en\/wp-json\/wp\/v2\/comments?post=1842"}],"wp:featuredmedia":[{"embeddable":true,"href":"https:\/\/www.chicha-tiime.fr\/en\/wp-json\/wp\/v2\/media\/1847"}],"wp:attachment":[{"href":"https:\/\/www.chicha-tiime.fr\/en\/wp-json\/wp\/v2\/media?parent=1842"}],"wp:term":[{"taxonomy":"product_brand","embeddable":true,"href":"https:\/\/www.chicha-tiime.fr\/en\/wp-json\/wp\/v2\/product_brand?post=1842"},{"taxonomy":"product_cat","embeddable":true,"href":"https:\/\/www.chicha-tiime.fr\/en\/wp-json\/wp\/v2\/product_cat?post=1842"},{"taxonomy":"product_tag","embeddable":true,"href":"https:\/\/www.chicha-tiime.fr\/en\/wp-json\/wp\/v2\/product_tag?post=1842"}],"curies":[{"name":"wp","href":"https:\/\/api.w.org\/{rel}","templated":true}]}}