{"id":1802,"date":"2020-09-24T09:57:55","date_gmt":"2020-09-24T09:57:55","guid":{"rendered":"https:\/\/www.chicha-tiime.fr\/?post_type=product&#038;p=1802"},"modified":"2024-08-13T13:24:12","modified_gmt":"2024-08-13T13:24:12","slug":"chicha-carbon-ss19-dum","status":"publish","type":"product","link":"https:\/\/www.chicha-tiime.fr\/en\/product\/chicha-carbon-ss19-dum\/","title":{"rendered":"Chicha Carbon SS19 &#8211; DUM"},"content":{"rendered":"","protected":false},"excerpt":{"rendered":"<p><!-- Description courte du produit --><br \/>\nLa chicha DUM CARBON SS19\u00a0est un mod\u00e8le compact de 33cm de hauteur, en acier inoxydable et colonne en carbone, avec un vase en verre. Elle est propos\u00e9 compl\u00e8te puisqu\u2019elle est fournie avec un tuyau en silicone et manche en m\u00e9tal et en carbon assorti \u00e0 la colonne, d\u2019un ressort pour le flexible, d&rsquo;un foyer et d\u2019un syst\u00e8me de chauffe de type chemin\u00e9e ainsi qu\u2019un diffuseur pour plongeur.<\/p>\n<p>Il s\u2019agit l\u00e0 d\u2019un mod\u00e8le complet, solide et \u00e9l\u00e9gant pour un prix abordable.<\/p>\n<p><span><a href=\"#tab-title-description\" style=\"color: black;\"><i>Plus de d\u00e9tails<\/i><\/a><\/span><\/p>","protected":false},"featured_media":1803,"comment_status":"open","ping_status":"closed","template":"","meta":{"om_disable_all_campaigns":false,"_monsterinsights_skip_tracking":false,"_monsterinsights_sitenote_active":false,"_monsterinsights_sitenote_note":"","_monsterinsights_sitenote_category":0,"_uf_show_specific_survey":0,"_uf_disable_surveys":false},"product_brand":[],"product_cat":[50,68],"product_tag":[216],"class_list":{"0":"post-1802","1":"product","2":"type-product","3":"status-publish","4":"has-post-thumbnail","6":"product_cat-chicha","7":"product_cat-chichas-classiques","8":"product_tag-dum","9":"pa_categorie-chicha","10":"pa_categorie-chicha-grand-public","11":"pa_couleurs-argent","12":"pa_couleurs-bleu","13":"pa_couleurs-noir","14":"pa_couleurs-rose","15":"pa_couleurs-rouge","17":"first","18":"instock","19":"taxable","20":"shipping-taxable","21":"purchasable","22":"product-type-variable"},"aioseo_notices":[],"jetpack_sharing_enabled":true,"_links":{"self":[{"href":"https:\/\/www.chicha-tiime.fr\/en\/wp-json\/wp\/v2\/product\/1802","targetHints":{"allow":["GET"]}}],"collection":[{"href":"https:\/\/www.chicha-tiime.fr\/en\/wp-json\/wp\/v2\/product"}],"about":[{"href":"https:\/\/www.chicha-tiime.fr\/en\/wp-json\/wp\/v2\/types\/product"}],"replies":[{"embeddable":true,"href":"https:\/\/www.chicha-tiime.fr\/en\/wp-json\/wp\/v2\/comments?post=1802"}],"wp:featuredmedia":[{"embeddable":true,"href":"https:\/\/www.chicha-tiime.fr\/en\/wp-json\/wp\/v2\/media\/1803"}],"wp:attachment":[{"href":"https:\/\/www.chicha-tiime.fr\/en\/wp-json\/wp\/v2\/media?parent=1802"}],"wp:term":[{"taxonomy":"product_brand","embeddable":true,"href":"https:\/\/www.chicha-tiime.fr\/en\/wp-json\/wp\/v2\/product_brand?post=1802"},{"taxonomy":"product_cat","embeddable":true,"href":"https:\/\/www.chicha-tiime.fr\/en\/wp-json\/wp\/v2\/product_cat?post=1802"},{"taxonomy":"product_tag","embeddable":true,"href":"https:\/\/www.chicha-tiime.fr\/en\/wp-json\/wp\/v2\/product_tag?post=1802"}],"curies":[{"name":"wp","href":"https:\/\/api.w.org\/{rel}","templated":true}]}}