{"id":1784,"date":"2020-09-24T08:54:59","date_gmt":"2020-09-24T08:54:59","guid":{"rendered":"https:\/\/www.chicha-tiime.fr\/?post_type=product&#038;p=1784"},"modified":"2024-08-13T13:24:13","modified_gmt":"2024-08-13T13:24:13","slug":"manche-marrakech-el-badia","status":"publish","type":"product","link":"https:\/\/www.chicha-tiime.fr\/en\/product\/manche-marrakech-el-badia\/","title":{"rendered":"Manche MARRAKECH &#8211; El Badia"},"content":{"rendered":"","protected":false},"excerpt":{"rendered":"<p><!-- Description courte du produit --><br \/>\nLe manche MARRAKECH\u00a0en aluminium bross\u00e9 fait 41cm de longueur. Il vous garantira une prise en main agr\u00e9able et un d\u00e9bit fluide.<\/p>\n<p>Adaptable sur tout tuyau silicone standard, il est fournit avec un connecteur.<br \/>\n<a style=\"color: black;\" href=\"#tab-title-description\"><i>Plus de d\u00e9tails<\/i><\/a><\/p>","protected":false},"featured_media":1785,"comment_status":"open","ping_status":"closed","template":"","meta":{"om_disable_all_campaigns":false,"_monsterinsights_skip_tracking":false,"_monsterinsights_sitenote_active":false,"_monsterinsights_sitenote_note":"","_monsterinsights_sitenote_category":0,"_uf_show_specific_survey":0,"_uf_disable_surveys":false},"product_brand":[],"product_cat":[284,341,53],"product_tag":[217],"class_list":{"0":"post-1784","1":"product","2":"type-product","3":"status-publish","4":"has-post-thumbnail","6":"product_cat-manches","7":"product_cat-soldes","8":"product_cat-tuyaux","9":"product_tag-el-badia","10":"pa_categorie-tuyaux","11":"pa_couleurs-argent","12":"pa_couleurs-blanc","13":"pa_couleurs-bleu","14":"pa_couleurs-carbone","15":"pa_couleurs-noir","16":"pa_couleurs-or","17":"pa_couleurs-rose","18":"pa_couleurs-rouge","19":"pa_couleurs-skyblue-camo","20":"pa_couleurs-vert","21":"pa_couleurs-violet","22":"pa_couleurs-woodland-camo","24":"first","25":"instock","26":"taxable","27":"shipping-taxable","28":"purchasable","29":"product-type-variable"},"aioseo_notices":[],"jetpack_sharing_enabled":true,"_links":{"self":[{"href":"https:\/\/www.chicha-tiime.fr\/en\/wp-json\/wp\/v2\/product\/1784","targetHints":{"allow":["GET"]}}],"collection":[{"href":"https:\/\/www.chicha-tiime.fr\/en\/wp-json\/wp\/v2\/product"}],"about":[{"href":"https:\/\/www.chicha-tiime.fr\/en\/wp-json\/wp\/v2\/types\/product"}],"replies":[{"embeddable":true,"href":"https:\/\/www.chicha-tiime.fr\/en\/wp-json\/wp\/v2\/comments?post=1784"}],"wp:featuredmedia":[{"embeddable":true,"href":"https:\/\/www.chicha-tiime.fr\/en\/wp-json\/wp\/v2\/media\/1785"}],"wp:attachment":[{"href":"https:\/\/www.chicha-tiime.fr\/en\/wp-json\/wp\/v2\/media?parent=1784"}],"wp:term":[{"taxonomy":"product_brand","embeddable":true,"href":"https:\/\/www.chicha-tiime.fr\/en\/wp-json\/wp\/v2\/product_brand?post=1784"},{"taxonomy":"product_cat","embeddable":true,"href":"https:\/\/www.chicha-tiime.fr\/en\/wp-json\/wp\/v2\/product_cat?post=1784"},{"taxonomy":"product_tag","embeddable":true,"href":"https:\/\/www.chicha-tiime.fr\/en\/wp-json\/wp\/v2\/product_tag?post=1784"}],"curies":[{"name":"wp","href":"https:\/\/api.w.org\/{rel}","templated":true}]}}