{"id":1575,"date":"2020-09-10T13:15:06","date_gmt":"2020-09-10T13:15:06","guid":{"rendered":"https:\/\/www.chicha-tiime.fr\/?post_type=product&#038;p=1575"},"modified":"2024-08-13T13:24:14","modified_gmt":"2024-08-13T13:24:14","slug":"manche-sword-el-badia","status":"publish","type":"product","link":"https:\/\/www.chicha-tiime.fr\/en\/product\/manche-sword-el-badia\/","title":{"rendered":"Manche SWORD &#8211; El Badia Embout Marrakech"},"content":{"rendered":"","protected":false},"excerpt":{"rendered":"<p><!-- Description courte du produit --><br \/>\nLe manche SWORD en aluminium bross\u00e9 fait 40cm de longueur. Il vous garantira une prise en main agr\u00e9able et un d\u00e9bit fluide.<\/p>\n<p>Adaptable sur tout tuyau silicone standard.<\/p>\n<p>Fourni avec un connecteur.<br \/>\n<a style=\"color: black;\" href=\"#tab-title-description\"><i>Plus de d\u00e9tails<\/i><\/a><\/p>","protected":false},"featured_media":1576,"comment_status":"open","ping_status":"closed","template":"","meta":{"om_disable_all_campaigns":false,"_monsterinsights_skip_tracking":false,"_monsterinsights_sitenote_active":false,"_monsterinsights_sitenote_note":"","_monsterinsights_sitenote_category":0,"_uf_show_specific_survey":0,"_uf_disable_surveys":false},"product_brand":[],"product_cat":[284,53],"product_tag":[217],"class_list":{"0":"post-1575","1":"product","2":"type-product","3":"status-publish","4":"has-post-thumbnail","6":"product_cat-manches","7":"product_cat-tuyaux","8":"product_tag-el-badia","9":"pa_categorie-tuyaux","10":"pa_couleurs-argent","11":"pa_couleurs-bleu","12":"pa_couleurs-noir","13":"pa_couleurs-or","14":"pa_couleurs-rose","15":"pa_couleurs-rouge","16":"pa_couleurs-vert","17":"pa_couleurs-violet","19":"first","20":"instock","21":"taxable","22":"shipping-taxable","23":"purchasable","24":"product-type-variable"},"aioseo_notices":[],"jetpack_sharing_enabled":true,"_links":{"self":[{"href":"https:\/\/www.chicha-tiime.fr\/en\/wp-json\/wp\/v2\/product\/1575","targetHints":{"allow":["GET"]}}],"collection":[{"href":"https:\/\/www.chicha-tiime.fr\/en\/wp-json\/wp\/v2\/product"}],"about":[{"href":"https:\/\/www.chicha-tiime.fr\/en\/wp-json\/wp\/v2\/types\/product"}],"replies":[{"embeddable":true,"href":"https:\/\/www.chicha-tiime.fr\/en\/wp-json\/wp\/v2\/comments?post=1575"}],"wp:featuredmedia":[{"embeddable":true,"href":"https:\/\/www.chicha-tiime.fr\/en\/wp-json\/wp\/v2\/media\/1576"}],"wp:attachment":[{"href":"https:\/\/www.chicha-tiime.fr\/en\/wp-json\/wp\/v2\/media?parent=1575"}],"wp:term":[{"taxonomy":"product_brand","embeddable":true,"href":"https:\/\/www.chicha-tiime.fr\/en\/wp-json\/wp\/v2\/product_brand?post=1575"},{"taxonomy":"product_cat","embeddable":true,"href":"https:\/\/www.chicha-tiime.fr\/en\/wp-json\/wp\/v2\/product_cat?post=1575"},{"taxonomy":"product_tag","embeddable":true,"href":"https:\/\/www.chicha-tiime.fr\/en\/wp-json\/wp\/v2\/product_tag?post=1575"}],"curies":[{"name":"wp","href":"https:\/\/api.w.org\/{rel}","templated":true}]}}