{"id":1432,"date":"2020-08-17T16:24:05","date_gmt":"2020-08-17T16:24:05","guid":{"rendered":"https:\/\/www.chicha-tiime.fr\/?post_type=product&#038;p=1432"},"modified":"2024-08-13T13:24:15","modified_gmt":"2024-08-13T13:24:15","slug":"kaloud-oduman","status":"publish","type":"product","link":"https:\/\/www.chicha-tiime.fr\/en\/product\/kaloud-oduman\/","title":{"rendered":"Syst\u00e8me de chauffe &#8211; ODUMAN"},"content":{"rendered":"","protected":false},"excerpt":{"rendered":"<p><!-- Description courte du produit --><br \/>\nLe nouveau syst\u00e8me de chauffe de la marque ODUMAN, le IGNIS REVO est un syst\u00e8me de chauffe en 3 parties. Une partie \u00ab four \u00bb qui accueillera jusqu\u2019\u00e0 3 charbons 26mm, un socle \u00e0 placer dans la partie du four afin de sur\u00e9lever vos charbons pour \u00e9vite que ceux-ci ne s\u2019\u00e9teignent et un couvercle.<br \/>\nLe tout est manipulable gr\u00e2ce a une pince en acier fournie avec le syst\u00e8me de chauffe.<\/p>\n<p>Le syst\u00e8me de chauffe ODUMAN IGNIS REVO est compatible avec les foyers\u00a0adaptable aux syst\u00e8mes de chauffe type\u00a0KALOUD LOTUS tels que le EL BADIA.<br \/>\n<a style=\"color: black;\" href=\"#tab-title-description\"><i>Plus de d\u00e9tails<\/i><\/a><\/p>","protected":false},"featured_media":1433,"comment_status":"open","ping_status":"closed","template":"","meta":{"om_disable_all_campaigns":false,"_monsterinsights_skip_tracking":false,"_monsterinsights_sitenote_active":false,"_monsterinsights_sitenote_note":"","_monsterinsights_sitenote_category":0,"_uf_show_specific_survey":0,"_uf_disable_surveys":false},"product_brand":[],"product_cat":[55,288],"product_tag":[229],"class_list":{"0":"post-1432","1":"product","2":"type-product","3":"status-publish","4":"has-post-thumbnail","6":"product_cat-accessoires","7":"product_cat-systeme-de-chauffe","8":"product_tag-oduman","9":"pa_categorie-accessoires","11":"first","12":"instock","13":"taxable","14":"shipping-taxable","15":"purchasable","16":"product-type-simple"},"aioseo_notices":[],"jetpack_sharing_enabled":true,"_links":{"self":[{"href":"https:\/\/www.chicha-tiime.fr\/en\/wp-json\/wp\/v2\/product\/1432","targetHints":{"allow":["GET"]}}],"collection":[{"href":"https:\/\/www.chicha-tiime.fr\/en\/wp-json\/wp\/v2\/product"}],"about":[{"href":"https:\/\/www.chicha-tiime.fr\/en\/wp-json\/wp\/v2\/types\/product"}],"replies":[{"embeddable":true,"href":"https:\/\/www.chicha-tiime.fr\/en\/wp-json\/wp\/v2\/comments?post=1432"}],"wp:featuredmedia":[{"embeddable":true,"href":"https:\/\/www.chicha-tiime.fr\/en\/wp-json\/wp\/v2\/media\/1433"}],"wp:attachment":[{"href":"https:\/\/www.chicha-tiime.fr\/en\/wp-json\/wp\/v2\/media?parent=1432"}],"wp:term":[{"taxonomy":"product_brand","embeddable":true,"href":"https:\/\/www.chicha-tiime.fr\/en\/wp-json\/wp\/v2\/product_brand?post=1432"},{"taxonomy":"product_cat","embeddable":true,"href":"https:\/\/www.chicha-tiime.fr\/en\/wp-json\/wp\/v2\/product_cat?post=1432"},{"taxonomy":"product_tag","embeddable":true,"href":"https:\/\/www.chicha-tiime.fr\/en\/wp-json\/wp\/v2\/product_tag?post=1432"}],"curies":[{"name":"wp","href":"https:\/\/api.w.org\/{rel}","templated":true}]}}