{"id":13264,"date":"2026-02-21T11:46:12","date_gmt":"2026-02-21T11:46:12","guid":{"rendered":"https:\/\/www.chicha-tiime.fr\/?post_type=product&#038;p=13264"},"modified":"2026-02-21T12:29:23","modified_gmt":"2026-02-21T12:29:23","slug":"puff-lebar-40k-20mg","status":"publish","type":"product","link":"https:\/\/www.chicha-tiime.fr\/en\/product\/puff-lebar-40k-20mg\/","title":{"rendered":"Puff Lebar 40K 20mg &#8211; Lebar"},"content":{"rendered":"<p>D\u00e9couvrez la\u00a0<strong>LeBar 40K<\/strong>, une puff rechargeable au look r\u00e9tro inimitable et \u00e0 la performance hors normes, pour une vape longue dur\u00e9e et savoureuse.<\/p>\n<h3 data-start=\"1378\" data-end=\"1430\">\ud83c\udf53 <strong data-start=\"1385\" data-end=\"1430\">Saveurs disponibles (Cubic 30K Cartridge)<\/strong><\/h3>\n<ul>\n<li>Mr Blue,<\/li>\n<li>Love 66,<\/li>\n<li>Past\u00e8que Mangue P\u00eache,<\/li>\n<li>Cola Citron,<\/li>\n<li>Sprite,<\/li>\n<li>Soda Raisin,<\/li>\n<li>Orange Baies Mix,<\/li>\n<li>Cerise Cola,<\/li>\n<li>Dragon Noir Glac\u00e9,<\/li>\n<li>Pomme P\u00eache Poire<\/li>\n<\/ul>\n<p>&nbsp;<\/p>\n<p>\ud83d\udd25Performance &amp; Technologie<\/p>\n<p>\u2705 Jusqu\u2019\u00e0\u00a0<strong>40 000 bouff\u00e9es<\/strong><br \/>\n\u2705 Batterie\u00a0<strong>1000 mAh<\/strong>\u00a0rechargeable USB-C<br \/>\n\u2705 Design bouteille avec affichage num\u00e9rique<br \/>\n\u2705 Remplissage simple +\u00a0<strong>2 fioles de 10 ml incluses<\/strong><br \/>\n\u2705 R\u00e9sistance\u00a0<strong>Dual Mesh<\/strong>\u00a0int\u00e9gr\u00e9e<\/p>\n<h3 data-start=\"2562\" data-end=\"2588\">\u2699\ufe0f <strong data-start=\"2569\" data-end=\"2588\">Fiche technique<\/strong><\/h3>\n<div class=\"_tableContainer_1rjym_1\">\n<div class=\"group _tableWrapper_1rjym_13 flex w-fit flex-col-reverse\" tabindex=\"-1\">\n<table class=\"w-fit min-w-(--thread-content-width)\" data-start=\"2589\" data-end=\"2999\">\n<thead data-start=\"2589\" data-end=\"2625\">\n<tr data-start=\"2589\" data-end=\"2625\">\n<th data-start=\"2589\" data-end=\"2611\" data-col-size=\"sm\"><strong data-start=\"2591\" data-end=\"2610\">Caract\u00e9ristique<\/strong><\/th>\n<th data-start=\"2611\" data-end=\"2625\" data-col-size=\"sm\"><strong data-start=\"2613\" data-end=\"2623\">D\u00e9tail<\/strong><\/th>\n<\/tr>\n<\/thead>\n<tbody data-start=\"2664\" data-end=\"2999\">\n<tr data-start=\"2664\" data-end=\"2690\">\n<td data-start=\"2664\" data-end=\"2677\" data-col-size=\"sm\"><strong data-start=\"2666\" data-end=\"2676\">Marque\u00a0 \u00a0 \u00a0 \u00a0 \u00a0 \u00a0 \u00a0 \u00a0<\/strong><\/td>\n<td data-col-size=\"sm\" data-start=\"2677\" data-end=\"2690\">Lebar<\/td>\n<\/tr>\n<tr data-start=\"2691\" data-end=\"2732\">\n<td data-start=\"2691\" data-end=\"2704\" data-col-size=\"sm\"><strong data-start=\"2693\" data-end=\"2703\">Mod\u00e8le<\/strong><\/td>\n<td data-col-size=\"sm\" data-start=\"2704\" data-end=\"2732\">Puff Lebar 40k<\/td>\n<\/tr>\n<tr data-start=\"2733\" data-end=\"2776\">\n<td data-start=\"2733\" data-end=\"2749\" data-col-size=\"sm\"><strong data-start=\"2735\" data-end=\"2748\">Autonomie<\/strong><\/td>\n<td data-col-size=\"sm\" data-start=\"2749\" data-end=\"2776\">Jusqu\u2019\u00e0 40 000 bouff\u00e9es<\/td>\n<\/tr>\n<tr data-start=\"2777\" data-end=\"2801\">\n<td data-start=\"2777\" data-end=\"2792\" data-col-size=\"sm\"><strong data-start=\"2779\" data-end=\"2791\">Recharge<\/strong><\/td>\n<td data-col-size=\"sm\" data-start=\"2792\" data-end=\"2801\">USB-C<\/td>\n<\/tr>\n<tr data-start=\"2802\" data-end=\"2857\">\n<td data-start=\"2802\" data-end=\"2819\" data-col-size=\"sm\"><strong data-start=\"2804\" data-end=\"2818\">Batterie<\/strong><\/td>\n<td data-col-size=\"sm\" data-start=\"2819\" data-end=\"2857\">1000mAh<\/td>\n<\/tr>\n<tr data-start=\"2858\" data-end=\"2913\">\n<td data-start=\"2858\" data-end=\"2875\" data-col-size=\"sm\"><strong>Inhalation automatique<\/strong><\/td>\n<td data-col-size=\"sm\" data-start=\"2875\" data-end=\"2913\">Oui<\/td>\n<\/tr>\n<tr data-start=\"2914\" data-end=\"2956\">\n<td data-start=\"2914\" data-end=\"2927\" data-col-size=\"sm\"><strong data-start=\"2916\" data-end=\"2926\">Format<\/strong><\/td>\n<td data-col-size=\"sm\" data-start=\"2927\" data-end=\"2956\">Compact et design moderne<\/td>\n<\/tr>\n<tr data-start=\"2957\" data-end=\"2999\">\n<td data-start=\"2957\" data-end=\"2971\" data-col-size=\"sm\"><strong data-start=\"2959\" data-end=\"2970\">Coloris<\/strong><\/td>\n<td data-col-size=\"sm\" data-start=\"2971\" data-end=\"2999\">Al\u00e9atoire selon arrivage<\/td>\n<\/tr>\n<\/tbody>\n<\/table>\n<\/div>\n<\/div>\n<h3 data-start=\"3001\" data-end=\"3034\">\ud83d\udca1 <strong data-start=\"3008\" data-end=\"3034\">Conseils d\u2019utilisation<\/strong><\/h3>\n<ul data-start=\"3035\" data-end=\"3252\">\n<li data-start=\"3035\" data-end=\"3107\">\n<p data-start=\"3037\" data-end=\"3107\">Rechargez r\u00e9guli\u00e8rement la batterie pour conserver une vapeur dense.<\/p>\n<\/li>\n<li data-start=\"3108\" data-end=\"3173\">\n<p data-start=\"3110\" data-end=\"3173\">Alternez les saveurs pour d\u00e9couvrir toute la gamme Lebar.<\/p>\n<\/li>\n<li data-start=\"3174\" data-end=\"3252\">\n<p data-start=\"3176\" data-end=\"3252\">Conservez\u00a0 \u00e0 l\u2019abri de la chaleur pour pr\u00e9server les ar\u00f4mes.<\/p>\n<\/li>\n<\/ul>\n<p><span class=\"Apple-converted-space\">\u00a0<\/span><\/p>\n<p>Offrez vous un moment de d\u00e9tente avec la Puff Lebar et ces go\u00fbts in\u00e9dits!<\/p>","protected":false},"excerpt":{"rendered":"<p>D\u00e9couvrez la\u00a0<strong>LeBar 40K<\/strong>, une puff rechargeable au look r\u00e9tro inimitable et \u00e0 la performance hors normes, pour une vape longue dur\u00e9e et savoureuse.<\/p>","protected":false},"featured_media":13280,"comment_status":"open","ping_status":"closed","template":"","meta":{"om_disable_all_campaigns":false,"_monsterinsights_skip_tracking":false,"_monsterinsights_sitenote_active":false,"_monsterinsights_sitenote_note":"","_monsterinsights_sitenote_category":0,"_uf_show_specific_survey":0,"_uf_disable_surveys":false},"product_brand":[535],"product_cat":[56],"product_tag":[536],"class_list":{"0":"post-13264","1":"product","2":"type-product","3":"status-publish","4":"has-post-thumbnail","6":"product_brand-lebar","7":"product_cat-nos-puffs","8":"product_tag-lebar","10":"first","11":"instock","12":"taxable","13":"shipping-taxable","14":"purchasable","15":"product-type-variable"},"aioseo_notices":[],"jetpack_sharing_enabled":true,"_links":{"self":[{"href":"https:\/\/www.chicha-tiime.fr\/en\/wp-json\/wp\/v2\/product\/13264","targetHints":{"allow":["GET"]}}],"collection":[{"href":"https:\/\/www.chicha-tiime.fr\/en\/wp-json\/wp\/v2\/product"}],"about":[{"href":"https:\/\/www.chicha-tiime.fr\/en\/wp-json\/wp\/v2\/types\/product"}],"replies":[{"embeddable":true,"href":"https:\/\/www.chicha-tiime.fr\/en\/wp-json\/wp\/v2\/comments?post=13264"}],"wp:featuredmedia":[{"embeddable":true,"href":"https:\/\/www.chicha-tiime.fr\/en\/wp-json\/wp\/v2\/media\/13280"}],"wp:attachment":[{"href":"https:\/\/www.chicha-tiime.fr\/en\/wp-json\/wp\/v2\/media?parent=13264"}],"wp:term":[{"taxonomy":"product_brand","embeddable":true,"href":"https:\/\/www.chicha-tiime.fr\/en\/wp-json\/wp\/v2\/product_brand?post=13264"},{"taxonomy":"product_cat","embeddable":true,"href":"https:\/\/www.chicha-tiime.fr\/en\/wp-json\/wp\/v2\/product_cat?post=13264"},{"taxonomy":"product_tag","embeddable":true,"href":"https:\/\/www.chicha-tiime.fr\/en\/wp-json\/wp\/v2\/product_tag?post=13264"}],"curies":[{"name":"wp","href":"https:\/\/api.w.org\/{rel}","templated":true}]}}