{"id":1303,"date":"2020-06-21T19:50:15","date_gmt":"2020-06-21T19:50:15","guid":{"rendered":"https:\/\/www.chicha-tiime.fr\/?post_type=product&#038;p=1303"},"modified":"2024-11-17T22:39:12","modified_gmt":"2024-11-17T22:39:12","slug":"chicha-c7-el-badia","status":"publish","type":"product","link":"https:\/\/www.chicha-tiime.fr\/en\/product\/chicha-c7-el-badia\/","title":{"rendered":"Grande Chicha El-Badia Grande C7"},"content":{"rendered":"<div class=\"flex-1 overflow-hidden\">\n<div class=\"react-scroll-to-bottom--css-yaxyq-79elbk h-full\">\n<div class=\"react-scroll-to-bottom--css-yaxyq-1n7m0yu\">\n<div class=\"flex flex-col pb-9 text-sm\">\n<div class=\"w-full text-token-text-primary\" data-testid=\"conversation-turn-11\">\n<div class=\"px-4 py-2 justify-center text-base md:gap-6 m-auto\">\n<div class=\"flex flex-1 text-base mx-auto gap-3 md:px-5 lg:px-1 xl:px-5 md:max-w-3xl lg:max-w-[40rem] xl:max-w-[48rem] group final-completion\">\n<div class=\"relative flex w-full flex-col lg:w-[calc(100%-115px)] agent-turn\">\n<div class=\"flex-col gap-1 md:gap-3\">\n<div class=\"flex flex-grow flex-col max-w-full\">\n<div class=\"min-h-[20px] text-message flex flex-col items-start gap-3 whitespace-pre-wrap break-words [.text-message+&amp;]:mt-5 overflow-x-auto\" data-message-author-role=\"assistant\" data-message-id=\"61f9dad0-5688-4713-a694-5d8cdbf8b2eb\">\n<div class=\"markdown prose w-full break-words dark:prose-invert dark\">\n<h1>EL-Badia\u00a0 C7 l&rsquo;ain\u00e9 de la gamme<\/h1>\n<p>D\u00e9couvrez la nouvelle gamme de chichas <a href=\"https:\/\/www.el-badia.com\/fr\/\">El-Badia<\/a>, mettant en vedette les mod\u00e8les <a href=\"https:\/\/www.chicha-tiime.fr\/product\/chicha-c5\/\">C5<\/a> et C7.<\/p>\n<p>Avec une hauteur finale de 56 cm, la C7 offre une <strong>exp\u00e9rience plus imposante<\/strong>, dot\u00e9e d&rsquo;une <strong>valve suppl\u00e9mentaire<\/strong> convertible en une <strong>deuxi\u00e8me sortie tuyau<\/strong>. Son vase \u00e9vas\u00e9 \u00e0 la base cr\u00e9e une esth\u00e9tique triangulaire unique, ajoutant une touche d&rsquo;\u00e9l\u00e9gance \u00e0 votre exp\u00e9rience de chicha.<\/p>\n<h2>Pratique d&rsquo;utilisation<\/h2>\n<p>Le montage de ces chichas est rapide et facile d\u00e8s<strong> l&rsquo;ouverture du packaging<\/strong>, offrant un t<strong>irage classique<\/strong> et une t<strong>ranquillit\u00e9 d&rsquo;utilisation<\/strong> avec le <strong>diffuseur inclus<\/strong>, id\u00e9al pour les chichas de grande taille.<\/p>\n<p>Ces mod\u00e8les sont propos\u00e9s en tant que s<strong>tarter packs complets<\/strong>, comprenant une <strong>pince \u00e0 charbon caiman<\/strong>, un <strong>foyer turc<\/strong>, un s<strong>yst\u00e8me de chauffe de type chemin\u00e9e<\/strong>, et un <strong>tuyau complet avec un flexible Soft-Touch.<\/strong><\/p>\n<h2>Un design esth\u00e9tique digne des plus grande<\/h2>\n<p>L&rsquo;alliance d&rsquo;un design \u00e9l\u00e9gant, de fonctionnalit\u00e9s pratiques et d&rsquo;accessoires complets \u00e0 un prix comp\u00e9titif\u00a0 fait des chichas C5 et C7 d&rsquo;El-Badia un choix incontournable pour les amateurs de chicha exigeants.<\/p>\n<p>Plongez dans une exp\u00e9rience de fumage exceptionnelle avec ces mod\u00e8les polyvalents, con\u00e7us pour satisfaire les connaisseurs les plus exigeants.<\/p>\n<p><strong>Recommandation :<\/strong> Nous vous sugg\u00e9rons un syst\u00e8me de chauffe de chauffe type <a href=\"https:\/\/www.chicha-tiime.fr\/categorie-produit\/foyer\/foyer-kaloud\/\">Kaloud<\/a> ou<a href=\"https:\/\/www.chicha-tiime.fr\/product\/quasar-raas\/\"> Quasar Raas 2<\/a><\/p>\n<\/div>\n<\/div>\n<\/div>\n<div class=\"mt-1 flex justify-start gap-3 empty:hidden\">\n<div class=\"text-gray-400 flex self-end lg:self-center justify-center lg:justify-start mt-0 gap-1 visible\">\n<p>&nbsp;<\/p>\n<div class=\"flex gap-1\"><img fetchpriority=\"high\" decoding=\"async\" class=\"alignright\" src=\"https:\/\/www.chicha-tiime.fr\/wp-content\/uploads\/2020\/10\/quasar-raas.jpg\" width=\"398\" height=\"398\" \/><\/div>\n<div class=\"flex items-center gap-1.5 text-xs\"><img decoding=\"async\" class=\"\" src=\"https:\/\/www.chicha-tiime.fr\/wp-content\/uploads\/2021\/08\/DreamCase-SV-200x200.jpg\" alt=\"Image du produit\" width=\"376\" height=\"376\" \/><\/div>\n<\/div>\n<\/div>\n<\/div>\n<div class=\"absolute\">\n<div class=\"flex w-full gap-2 items-center justify-center\"><\/div>\n<\/div>\n<\/div>\n<\/div>\n<\/div>\n<\/div>\n<\/div>\n<\/div>\n<\/div>\n<\/div>\n<div class=\"w-full pt-2 md:pt-0 dark:border-white\/20 md:border-transparent md:dark:border-transparent md:w-[calc(100%-.5rem)]\">\n<form class=\"stretch mx-2 flex flex-row gap-3 last:mb-2 md:mx-4 md:last:mb-6 lg:mx-auto lg:max-w-2xl xl:max-w-3xl\">\n<div class=\"relative flex h-full flex-1 items-stretch md:flex-col\">\n<div class=\"flex w-full items-center\"><\/div>\n<\/div>\n<\/form>\n<\/div>\n","protected":false},"excerpt":{"rendered":"<p><!-- Description courte du produit --><br \/>\nChicha EL-BADIA C7, 56 cm, vase en verre CLICK, CUT de colonne 18\/8, tuyau silicone et foyer avec syst\u00e8me de chauffe type chemin\u00e9e.<br \/>\n<a style=\"color: black;\" href=\"#tab-title-description\"><i>Plus de d\u00e9tails<\/i><\/a><\/p>","protected":false},"featured_media":1314,"comment_status":"open","ping_status":"closed","template":"","meta":{"om_disable_all_campaigns":false,"_monsterinsights_skip_tracking":false,"_monsterinsights_sitenote_active":false,"_monsterinsights_sitenote_note":"","_monsterinsights_sitenote_category":0,"_uf_show_specific_survey":0,"_uf_disable_surveys":false},"product_brand":[],"product_cat":[50,68,341],"product_tag":[217],"class_list":{"0":"post-1303","1":"product","2":"type-product","3":"status-publish","4":"has-post-thumbnail","6":"product_cat-chicha","7":"product_cat-chichas-classiques","8":"product_cat-soldes","9":"product_tag-el-badia","10":"pa_categorie-chicha","11":"pa_categorie-chicha-grand-public","12":"pa_couleurs-blanc","13":"pa_couleurs-bleu","14":"pa_couleurs-carbone","15":"pa_couleurs-noir","16":"pa_couleurs-or","17":"pa_couleurs-rose","18":"pa_couleurs-transparent","19":"pa_couleurs-vert","21":"first","22":"instock","23":"sale","24":"taxable","25":"shipping-taxable","26":"purchasable","27":"product-type-variable"},"aioseo_notices":[],"jetpack_sharing_enabled":true,"_links":{"self":[{"href":"https:\/\/www.chicha-tiime.fr\/en\/wp-json\/wp\/v2\/product\/1303","targetHints":{"allow":["GET"]}}],"collection":[{"href":"https:\/\/www.chicha-tiime.fr\/en\/wp-json\/wp\/v2\/product"}],"about":[{"href":"https:\/\/www.chicha-tiime.fr\/en\/wp-json\/wp\/v2\/types\/product"}],"replies":[{"embeddable":true,"href":"https:\/\/www.chicha-tiime.fr\/en\/wp-json\/wp\/v2\/comments?post=1303"}],"wp:featuredmedia":[{"embeddable":true,"href":"https:\/\/www.chicha-tiime.fr\/en\/wp-json\/wp\/v2\/media\/1314"}],"wp:attachment":[{"href":"https:\/\/www.chicha-tiime.fr\/en\/wp-json\/wp\/v2\/media?parent=1303"}],"wp:term":[{"taxonomy":"product_brand","embeddable":true,"href":"https:\/\/www.chicha-tiime.fr\/en\/wp-json\/wp\/v2\/product_brand?post=1303"},{"taxonomy":"product_cat","embeddable":true,"href":"https:\/\/www.chicha-tiime.fr\/en\/wp-json\/wp\/v2\/product_cat?post=1303"},{"taxonomy":"product_tag","embeddable":true,"href":"https:\/\/www.chicha-tiime.fr\/en\/wp-json\/wp\/v2\/product_tag?post=1303"}],"curies":[{"name":"wp","href":"https:\/\/api.w.org\/{rel}","templated":true}]}}