{"id":12707,"date":"2025-06-18T21:49:08","date_gmt":"2025-06-18T21:49:08","guid":{"rendered":"https:\/\/www.chicha-tiime.fr\/?post_type=product&#038;p=12707"},"modified":"2025-06-19T06:36:07","modified_gmt":"2025-06-19T06:36:07","slug":"e-liquide-adalya-10ml-20mg","status":"publish","type":"product","link":"https:\/\/www.chicha-tiime.fr\/en\/product\/e-liquide-adalya-10ml-20mg\/","title":{"rendered":"E-liquide Adalya 10ml \u2013 20mg"},"content":{"rendered":"<p>D\u00e9couvrez le e-liquide Adalya 10ml, disponible en plusieurs saveurs fruit\u00e9es, gourmandes et rafra\u00eechissantes. Inspir\u00e9s des c\u00e9l\u00e8bres ar\u00f4mes de chicha, ces e-liquides sont parfaits pour les vapoteurs \u00e0 la recherche d\u2019un go\u00fbt intense et \u00e9quilibr\u00e9. Adapt\u00e9 \u00e0 tous les types de cigarettes \u00e9lectroniques, le format 10ml est id\u00e9al pour tester et varier les plaisirs. Profitez d\u2019une vape riche en sensations avec la qualit\u00e9 reconnue d\u2019Adalya.<\/p>","protected":false},"excerpt":{"rendered":"<p>Plongez dans l\u2019univers riche et parfum\u00e9 d\u2019Adalya avec ce e-liquide 10ml d\u00e9clin\u00e9 en plusieurs saveurs fruit\u00e9es et exotiques.<\/p>\n<p style=\"margin: 0px;padding: 0px;border: 0px;font-style: italic;font-weight: 400;line-height: 20px;font-family: Roboto-condensed;font-size: 13px;vertical-align: baseline;color: var(--blue);letter-spacing: normal;text-align: center;text-indent: 0px;text-transform: none;text-decoration: none\"><em>La vente des produits du vapotage est interdite aux mineurs. En commandant ce produit, j&rsquo;atteste sur l&rsquo;honneur \u00eatre majeur(e) et \u00eatre autoris\u00e9(e) par la l\u00e9gislation de mon pays \u00e0 acheter des produits contenant de la nicotine.<\/em><\/p>","protected":false},"featured_media":12716,"comment_status":"open","ping_status":"closed","template":"","meta":{"om_disable_all_campaigns":false,"_monsterinsights_skip_tracking":false,"_monsterinsights_sitenote_active":false,"_monsterinsights_sitenote_note":"","_monsterinsights_sitenote_category":0,"_uf_show_specific_survey":0,"_uf_disable_surveys":false},"product_brand":[],"product_cat":[250,56],"product_tag":[],"class_list":{"0":"post-12707","1":"product","2":"type-product","3":"status-publish","4":"has-post-thumbnail","6":"product_cat-de-saveurs","7":"product_cat-nos-puffs","9":"first","10":"instock","11":"taxable","12":"shipping-taxable","13":"purchasable","14":"product-type-variable"},"aioseo_notices":[],"jetpack_sharing_enabled":true,"_links":{"self":[{"href":"https:\/\/www.chicha-tiime.fr\/en\/wp-json\/wp\/v2\/product\/12707","targetHints":{"allow":["GET"]}}],"collection":[{"href":"https:\/\/www.chicha-tiime.fr\/en\/wp-json\/wp\/v2\/product"}],"about":[{"href":"https:\/\/www.chicha-tiime.fr\/en\/wp-json\/wp\/v2\/types\/product"}],"replies":[{"embeddable":true,"href":"https:\/\/www.chicha-tiime.fr\/en\/wp-json\/wp\/v2\/comments?post=12707"}],"wp:featuredmedia":[{"embeddable":true,"href":"https:\/\/www.chicha-tiime.fr\/en\/wp-json\/wp\/v2\/media\/12716"}],"wp:attachment":[{"href":"https:\/\/www.chicha-tiime.fr\/en\/wp-json\/wp\/v2\/media?parent=12707"}],"wp:term":[{"taxonomy":"product_brand","embeddable":true,"href":"https:\/\/www.chicha-tiime.fr\/en\/wp-json\/wp\/v2\/product_brand?post=12707"},{"taxonomy":"product_cat","embeddable":true,"href":"https:\/\/www.chicha-tiime.fr\/en\/wp-json\/wp\/v2\/product_cat?post=12707"},{"taxonomy":"product_tag","embeddable":true,"href":"https:\/\/www.chicha-tiime.fr\/en\/wp-json\/wp\/v2\/product_tag?post=12707"}],"curies":[{"name":"wp","href":"https:\/\/api.w.org\/{rel}","templated":true}]}}