{"id":12610,"date":"2025-05-12T05:52:53","date_gmt":"2025-05-12T05:52:53","guid":{"rendered":"https:\/\/www.chicha-tiime.fr\/product\/systeme-de-chauffe-hooky\/"},"modified":"2025-05-12T05:52:57","modified_gmt":"2025-05-12T05:52:57","slug":"systeme-de-chauffe-hooky","status":"publish","type":"product","link":"https:\/\/www.chicha-tiime.fr\/en\/product\/systeme-de-chauffe-hooky\/","title":{"rendered":"Syst\u00e8me de chauffe &#8211; Hooky"},"content":{"rendered":"<p><span style=\"font-family: Raleway, sans-serif;font-size: 14.4px;font-style: normal;font-weight: 500;letter-spacing: 0.5px;text-align: start;text-indent: 0px;text-transform: none;text-decoration: none;float: none\">Sobre et minutieusement con\u00e7u, le syst\u00e8me de chauffe Hooky, tout en aluminium, allie l\u00e9g\u00e8ret\u00e9, polyvalence et puissance. Son ing\u00e9nieux syst\u00e8me \u00e0 double paroi garantit une isolation thermique optimale pour des performances accrues et sa conception ouverte facilite une utilisation simple et intuitive.<\/span><\/p>","protected":false},"excerpt":{"rendered":"<p>Sobre et minutieusement con\u00e7u, le syst\u00e8me de chauffe Hooky, tout en aluminium, allie l\u00e9g\u00e8ret\u00e9, polyvalence et puissance. Son ing\u00e9nieux syst\u00e8me&#8230;<\/p>","protected":false},"featured_media":12606,"comment_status":"open","ping_status":"closed","template":"","meta":{"om_disable_all_campaigns":false,"_monsterinsights_skip_tracking":false,"_monsterinsights_sitenote_active":false,"_monsterinsights_sitenote_note":"","_monsterinsights_sitenote_category":0,"_uf_show_specific_survey":0,"_uf_disable_surveys":false},"product_brand":[],"product_cat":[15],"product_tag":[],"class_list":{"0":"post-12610","1":"product","2":"type-product","3":"status-publish","4":"has-post-thumbnail","6":"product_cat-uncategorized","8":"first","9":"instock","10":"taxable","11":"shipping-taxable","12":"purchasable","13":"product-type-simple"},"aioseo_notices":[],"jetpack_sharing_enabled":true,"_links":{"self":[{"href":"https:\/\/www.chicha-tiime.fr\/en\/wp-json\/wp\/v2\/product\/12610","targetHints":{"allow":["GET"]}}],"collection":[{"href":"https:\/\/www.chicha-tiime.fr\/en\/wp-json\/wp\/v2\/product"}],"about":[{"href":"https:\/\/www.chicha-tiime.fr\/en\/wp-json\/wp\/v2\/types\/product"}],"replies":[{"embeddable":true,"href":"https:\/\/www.chicha-tiime.fr\/en\/wp-json\/wp\/v2\/comments?post=12610"}],"wp:featuredmedia":[{"embeddable":true,"href":"https:\/\/www.chicha-tiime.fr\/en\/wp-json\/wp\/v2\/media\/12606"}],"wp:attachment":[{"href":"https:\/\/www.chicha-tiime.fr\/en\/wp-json\/wp\/v2\/media?parent=12610"}],"wp:term":[{"taxonomy":"product_brand","embeddable":true,"href":"https:\/\/www.chicha-tiime.fr\/en\/wp-json\/wp\/v2\/product_brand?post=12610"},{"taxonomy":"product_cat","embeddable":true,"href":"https:\/\/www.chicha-tiime.fr\/en\/wp-json\/wp\/v2\/product_cat?post=12610"},{"taxonomy":"product_tag","embeddable":true,"href":"https:\/\/www.chicha-tiime.fr\/en\/wp-json\/wp\/v2\/product_tag?post=12610"}],"curies":[{"name":"wp","href":"https:\/\/api.w.org\/{rel}","templated":true}]}}