{"id":12586,"date":"2025-05-12T05:33:22","date_gmt":"2025-05-12T05:33:22","guid":{"rendered":"https:\/\/www.chicha-tiime.fr\/product\/fourchette-chicha-2-en-1-dum\/"},"modified":"2025-05-12T05:34:34","modified_gmt":"2025-05-12T05:34:34","slug":"fourchette-chicha-2-en-1-dum","status":"publish","type":"product","link":"https:\/\/www.chicha-tiime.fr\/en\/product\/fourchette-chicha-2-en-1-dum\/","title":{"rendered":"Fourchette chicha 2-en-1 &#8211; DUM"},"content":{"rendered":"<p><span>Fabriqu\u00e9e en acier inoxydable et silicone, elle offre une prise en main confortable et un pic pr\u00e9cis pour manipuler le tabac avec soin. \u00c9l\u00e9gante, pratique et durable, elle est parfaite pour les passionn\u00e9s de tabac.<\/span><\/p>","protected":false},"excerpt":{"rendered":"<p>Fabriqu\u00e9e en acier inoxydable et silicone, elle offre une prise en main confortable et un pic pr\u00e9cis pour manipuler le&#8230;<\/p>","protected":false},"featured_media":12585,"comment_status":"open","ping_status":"closed","template":"","meta":{"om_disable_all_campaigns":false,"_monsterinsights_skip_tracking":false,"_monsterinsights_sitenote_active":false,"_monsterinsights_sitenote_note":"","_monsterinsights_sitenote_category":0,"_uf_show_specific_survey":0,"_uf_disable_surveys":false},"product_brand":[],"product_cat":[15],"product_tag":[],"class_list":{"0":"post-12586","1":"product","2":"type-product","3":"status-publish","4":"has-post-thumbnail","6":"product_cat-uncategorized","8":"first","9":"instock","10":"sale","11":"taxable","12":"shipping-taxable","13":"purchasable","14":"product-type-simple"},"aioseo_notices":[],"jetpack_sharing_enabled":true,"_links":{"self":[{"href":"https:\/\/www.chicha-tiime.fr\/en\/wp-json\/wp\/v2\/product\/12586","targetHints":{"allow":["GET"]}}],"collection":[{"href":"https:\/\/www.chicha-tiime.fr\/en\/wp-json\/wp\/v2\/product"}],"about":[{"href":"https:\/\/www.chicha-tiime.fr\/en\/wp-json\/wp\/v2\/types\/product"}],"replies":[{"embeddable":true,"href":"https:\/\/www.chicha-tiime.fr\/en\/wp-json\/wp\/v2\/comments?post=12586"}],"wp:featuredmedia":[{"embeddable":true,"href":"https:\/\/www.chicha-tiime.fr\/en\/wp-json\/wp\/v2\/media\/12585"}],"wp:attachment":[{"href":"https:\/\/www.chicha-tiime.fr\/en\/wp-json\/wp\/v2\/media?parent=12586"}],"wp:term":[{"taxonomy":"product_brand","embeddable":true,"href":"https:\/\/www.chicha-tiime.fr\/en\/wp-json\/wp\/v2\/product_brand?post=12586"},{"taxonomy":"product_cat","embeddable":true,"href":"https:\/\/www.chicha-tiime.fr\/en\/wp-json\/wp\/v2\/product_cat?post=12586"},{"taxonomy":"product_tag","embeddable":true,"href":"https:\/\/www.chicha-tiime.fr\/en\/wp-json\/wp\/v2\/product_tag?post=12586"}],"curies":[{"name":"wp","href":"https:\/\/api.w.org\/{rel}","templated":true}]}}