{"id":12361,"date":"2025-03-22T09:23:18","date_gmt":"2025-03-22T09:23:18","guid":{"rendered":"https:\/\/www.chicha-tiime.fr\/?post_type=product&#038;p=12361"},"modified":"2025-03-22T09:23:19","modified_gmt":"2025-03-22T09:23:19","slug":"dum-proheat-2000w","status":"publish","type":"product","link":"https:\/\/www.chicha-tiime.fr\/en\/product\/dum-proheat-2000w\/","title":{"rendered":"DUM PROHEAT 2000W"},"content":{"rendered":"<p>L\u2019allume charbon ultime pour une chauffe ultra-rapide et homog\u00e8ne ! Id\u00e9al pour allumer votre charbon naturel de chicha en quelques minutes. Puissant, s\u00e9curis\u00e9 et facile \u00e0 utiliser gr\u00e2ce \u00e0 son thermostat r\u00e9glable. Qualit\u00e9 professionnelle pour une exp\u00e9rience optimale. Commandez maintenant et profitez d\u2019une chauffe express !<\/p>\n<h3>Caract\u00e9ristiques :<\/h3>\n<ul>\n<li><strong>Chauffe ultra-rapide :<\/strong> Id\u00e9al pour allumer plusieurs charbons simultan\u00e9ment.<\/li>\n<li><strong>Design robuste et s\u00e9curis\u00e9 :<\/strong> Fabriqu\u00e9 avec des mat\u00e9riaux r\u00e9sistants \u00e0 la chaleur pour une durabilit\u00e9 optimale.<\/li>\n<li><strong>Thermostat r\u00e9glable :<\/strong> Permet de contr\u00f4ler la temp\u00e9rature en toute simplicit\u00e9.<\/li>\n<li><strong>Double grille amovible :<\/strong> Facile \u00e0 nettoyer et prot\u00e8ge la r\u00e9sistance \u00e9lectrique.<\/li>\n<li><strong>Puissance :<\/strong> 2000W pour une performance optimale.<\/li>\n<li><strong>Dimensions du produit :<\/strong> 27,5 x 19,5 cm.<\/li>\n<li><strong>Poids :<\/strong> 2,593 kg.<\/li>\n<\/ul>","protected":false},"excerpt":{"rendered":"<h4><strong>Allume charbon \u00e9lectrique DUM PROHEAT 2000W<\/strong><\/h4>","protected":false},"featured_media":12365,"comment_status":"open","ping_status":"closed","template":"","meta":{"om_disable_all_campaigns":false,"_monsterinsights_skip_tracking":false,"_monsterinsights_sitenote_active":false,"_monsterinsights_sitenote_note":"","_monsterinsights_sitenote_category":0,"_uf_show_specific_survey":0,"_uf_disable_surveys":false},"product_brand":[],"product_cat":[55,289],"product_tag":[216],"class_list":{"0":"post-12361","1":"product","2":"type-product","3":"status-publish","4":"has-post-thumbnail","6":"product_cat-accessoires","7":"product_cat-allume-charbon","8":"product_tag-dum","10":"first","11":"instock","12":"taxable","13":"shipping-taxable","14":"purchasable","15":"product-type-simple"},"aioseo_notices":[],"jetpack_sharing_enabled":true,"_links":{"self":[{"href":"https:\/\/www.chicha-tiime.fr\/en\/wp-json\/wp\/v2\/product\/12361","targetHints":{"allow":["GET"]}}],"collection":[{"href":"https:\/\/www.chicha-tiime.fr\/en\/wp-json\/wp\/v2\/product"}],"about":[{"href":"https:\/\/www.chicha-tiime.fr\/en\/wp-json\/wp\/v2\/types\/product"}],"replies":[{"embeddable":true,"href":"https:\/\/www.chicha-tiime.fr\/en\/wp-json\/wp\/v2\/comments?post=12361"}],"wp:featuredmedia":[{"embeddable":true,"href":"https:\/\/www.chicha-tiime.fr\/en\/wp-json\/wp\/v2\/media\/12365"}],"wp:attachment":[{"href":"https:\/\/www.chicha-tiime.fr\/en\/wp-json\/wp\/v2\/media?parent=12361"}],"wp:term":[{"taxonomy":"product_brand","embeddable":true,"href":"https:\/\/www.chicha-tiime.fr\/en\/wp-json\/wp\/v2\/product_brand?post=12361"},{"taxonomy":"product_cat","embeddable":true,"href":"https:\/\/www.chicha-tiime.fr\/en\/wp-json\/wp\/v2\/product_cat?post=12361"},{"taxonomy":"product_tag","embeddable":true,"href":"https:\/\/www.chicha-tiime.fr\/en\/wp-json\/wp\/v2\/product_tag?post=12361"}],"curies":[{"name":"wp","href":"https:\/\/api.w.org\/{rel}","templated":true}]}}