{"id":11938,"date":"2025-01-23T09:52:51","date_gmt":"2025-01-23T09:52:51","guid":{"rendered":"https:\/\/www.chicha-tiime.fr\/?post_type=product&#038;p=11938"},"modified":"2026-04-27T02:53:56","modified_gmt":"2026-04-27T02:53:56","slug":"mega-shisha-jnr-100-000-bouffees-lexperience-jnr","status":"publish","type":"product","link":"https:\/\/www.chicha-tiime.fr\/en\/product\/mega-shisha-jnr-100-000-bouffees-lexperience-jnr\/","title":{"rendered":"Foyer Jetable &#8211; Mega Shisha JNR 100 000 Bouff\u00e9es"},"content":{"rendered":"<h2>Plongez dans une nouvelle \u00e8re de chicha avec la <strong>Mega Shisha JNR 100 000 bouff\u00e9es<\/strong>.<\/h2>\n<p>Con\u00e7ue pour les amateurs de sensations fortes et de sessions prolong\u00e9es, cette chicha innovante offre une autonomie exceptionnelle et un design raffin\u00e9, id\u00e9al pour toutes vos soir\u00e9es ou moments de d\u00e9tente.<\/p>\n<h4><strong>Caract\u00e9ristiques principales :<\/strong><\/h4>\n<ul>\n<li><strong>Marque de confiance<a href=\"https:\/\/jnrfalcon.fr\/\"> JNR<\/a> :<\/strong> Reconnue pour son savoir-faire, JNR combine qualit\u00e9 et performance pour des chichas haut de gamme.<\/li>\n<li><strong>Autonomie record :<\/strong> Profitez de <strong>100 000 bouff\u00e9es<\/strong> pour des sessions prolong\u00e9es sans avoir \u00e0 vous soucier des recharges.<\/li>\n<li><strong>Design moderne et premium :<\/strong> Un style \u00e9l\u00e9gant et des mat\u00e9riaux de qualit\u00e9 sup\u00e9rieure, parfaits pour impressionner vos invit\u00e9s.<\/li>\n<li><strong>Saveurs vari\u00e9es :<\/strong> Choisissez parmi une large gamme de go\u00fbts fruit\u00e9s et originaux, pour une exp\u00e9rience personnalis\u00e9e \u00e0 chaque session.<\/li>\n<li><strong>Facilit\u00e9 d\u2019utilisation :<\/strong> Pas de charbon, pas de tabac, seulement une utilisation simple et imm\u00e9diate gr\u00e2ce \u00e0 la technologie JNR.<\/li>\n<\/ul>\n<h4><strong>Pourquoi choisir la Mega Shisha JNR ?<\/strong><\/h4>\n<ul>\n<li><strong>Performance et durabilit\u00e9 :<\/strong> Avec 100 000 bouff\u00e9es, c\u2019est l\u2019une des chichas \u00e9lectroniques les plus durables sur le march\u00e9.<\/li>\n<li><strong>\u00c9conomique et pratique :<\/strong> Plus besoin d\u2019acheter du charbon ou des consommables, la Mega Shisha JNR est pr\u00eate \u00e0 l\u2019emploi \u00e0 tout moment.<\/li>\n<li><strong>Marque premium :<\/strong> JNR est synonyme de qualit\u00e9, de s\u00e9curit\u00e9 et d\u2019innovation, garantissant une exp\u00e9rience utilisateur unique.<\/li>\n<li><strong>Parfaite pour les \u00e9v\u00e9nements :<\/strong> Que ce soit pour une f\u00eate, une soir\u00e9e entre amis ou une utilisation quotidienne, cette chicha r\u00e9pond \u00e0 tous vos besoins.<\/li>\n<\/ul>\n<h4><strong>Commandez d\u00e8s maintenant sur Chicha Time<\/strong><\/h4>\n<ul>\n<li><strong>Livraison rapide partout en France.<\/strong><\/li>\n<li><strong>Garantie satisfaction :<\/strong> Si vous n\u2019\u00eates pas totalement satisfait, nous vous remboursons.<\/li>\n<li><strong>Offre sp\u00e9ciale JNR\u00a0 !\u00a0<\/strong><\/li>\n<\/ul>\n<h3 style=\"text-align: center\">Profitez des <a href=\"https:\/\/www.chicha-tiime.fr\/en\/product\/puff-16k-jnr-falcon-2-nicotine\/#&amp;gid=null&amp;pid=1\">puffs JNR 16K !\u00a0<\/a><\/h3>\n<p><a href=\"https:\/\/www.chicha-tiime.fr\/en\/product\/puff-16k-jnr-falcon-2-nicotine\/#&amp;gid=null&amp;pid=1\"><img fetchpriority=\"high\" decoding=\"async\" class=\"aligncenter\" src=\"https:\/\/www.chicha-tiime.fr\/wp-content\/uploads\/2024\/05\/JNR.png\" alt=\"\" width=\"507\" height=\"761\" \/><\/a><\/p>","protected":false},"excerpt":{"rendered":"<p>Plongez dans une nouvelle \u00e8re de chicha avec la Mega Shisha JNR 100 000 bouff\u00e9es. Con\u00e7ue pour les amateurs de&#8230;<\/p>","protected":false},"featured_media":11943,"comment_status":"open","ping_status":"closed","template":"","meta":{"om_disable_all_campaigns":false,"_monsterinsights_skip_tracking":false,"_monsterinsights_sitenote_active":false,"_monsterinsights_sitenote_note":"","_monsterinsights_sitenote_category":0,"_uf_show_specific_survey":0,"_uf_disable_surveys":false},"product_brand":[],"product_cat":[250,55,54,51],"product_tag":[491],"class_list":{"0":"post-11938","1":"product","2":"type-product","3":"status-publish","4":"has-post-thumbnail","6":"product_cat-de-saveurs","7":"product_cat-accessoires","8":"product_cat-foyer","9":"product_cat-gout-chicha","10":"product_tag-jnr","12":"first","13":"instock","14":"sale","15":"taxable","16":"shipping-taxable","17":"purchasable","18":"product-type-variable"},"aioseo_notices":[],"jetpack_sharing_enabled":true,"_links":{"self":[{"href":"https:\/\/www.chicha-tiime.fr\/en\/wp-json\/wp\/v2\/product\/11938","targetHints":{"allow":["GET"]}}],"collection":[{"href":"https:\/\/www.chicha-tiime.fr\/en\/wp-json\/wp\/v2\/product"}],"about":[{"href":"https:\/\/www.chicha-tiime.fr\/en\/wp-json\/wp\/v2\/types\/product"}],"replies":[{"embeddable":true,"href":"https:\/\/www.chicha-tiime.fr\/en\/wp-json\/wp\/v2\/comments?post=11938"}],"wp:featuredmedia":[{"embeddable":true,"href":"https:\/\/www.chicha-tiime.fr\/en\/wp-json\/wp\/v2\/media\/11943"}],"wp:attachment":[{"href":"https:\/\/www.chicha-tiime.fr\/en\/wp-json\/wp\/v2\/media?parent=11938"}],"wp:term":[{"taxonomy":"product_brand","embeddable":true,"href":"https:\/\/www.chicha-tiime.fr\/en\/wp-json\/wp\/v2\/product_brand?post=11938"},{"taxonomy":"product_cat","embeddable":true,"href":"https:\/\/www.chicha-tiime.fr\/en\/wp-json\/wp\/v2\/product_cat?post=11938"},{"taxonomy":"product_tag","embeddable":true,"href":"https:\/\/www.chicha-tiime.fr\/en\/wp-json\/wp\/v2\/product_tag?post=11938"}],"curies":[{"name":"wp","href":"https:\/\/api.w.org\/{rel}","templated":true}]}}