{"id":10916,"date":"2024-09-12T14:27:38","date_gmt":"2024-09-12T14:27:38","guid":{"rendered":"https:\/\/www.chicha-tiime.fr\/?post_type=product&#038;p=10916"},"modified":"2025-02-12T10:55:19","modified_gmt":"2025-02-12T10:55:19","slug":"hello-cloudy-liquide-ce-200-ml","status":"publish","type":"product","link":"https:\/\/www.chicha-tiime.fr\/en\/product\/hello-cloudy-liquide-ce-200-ml\/","title":{"rendered":"Liquide CE 200 ML Hello Cloudy"},"content":{"rendered":"<h1>D\u00e9couvrez le e-liquide Red Light de Hello Cloudy \u2013 Un m\u00e9lange fruit\u00e9 et frais aux baies sauvages !<\/h1>\n<p>Le <strong>e-liquide Red Light<\/strong> de <a href=\"https:\/\/www.hellocloudy.com\/\"><strong>Hello Cloudy<\/strong><\/a> est le choix parfait pour les amateurs de <strong>vapotage fruit\u00e9<\/strong>. Ce d\u00e9licieux <strong>e-liquide sans nicotine<\/strong> combine les saveurs exquises de <strong>fraises<\/strong>, <strong>m\u00fbres<\/strong>, <strong>myrtilles<\/strong> et <strong>cassis<\/strong> acidul\u00e9, pour une exp\u00e9rience gustative riche et intense.<\/p>\n<p>Chaque inhalation vous offre une v\u00e9ritable <strong>explosion de saveurs<\/strong>*, accompagn\u00e9e d&rsquo;une touche de fra\u00eecheur id\u00e9ale pour vapoter tout au long de la journ\u00e9e.<\/p>\n<p>Gr\u00e2ce \u00e0 son <strong>ratio PG\/VG de 50\/50<\/strong>, le <strong>e-liquide Red Light<\/strong> assure une <strong>production de vapeur optimale<\/strong>, tout en restituant fid\u00e8lement les ar\u00f4mes fruit\u00e9s. Conditionn\u00e9 dans un <strong>flacon grand format de 200 ml<\/strong>, il vous permet de profiter de votre <strong>e-liquide pr\u00e9f\u00e9r\u00e9<\/strong> sans avoir \u00e0 le recharger constamment. Ce <strong>shortfill sans nicotine<\/strong> peut \u00eatre personnalis\u00e9 selon vos besoins : ajoutez simplement des <strong>boosters de nicotine<\/strong> ou du C<strong>BD<\/strong>\u00a0pour obtenir le dosage qui vous convient.<\/p>\n<p>Fabriqu\u00e9 en France, le <strong>Red Light<\/strong> r\u00e9pond aux normes de qualit\u00e9 les plus strictes et est \u00e9quip\u00e9 d&rsquo;un <strong>bouchon s\u00e9curit\u00e9 enfant<\/strong>. Ce m\u00e9lange unique de <strong>baies sauvages<\/strong> et de <strong>fra\u00eecheur<\/strong> en fait un <strong>all day vape<\/strong> incontournable pour tous les vapoteurs en qu\u00eate d\u2019un <strong>e-liquide fruit\u00e9 et rafra\u00eechissant<\/strong>.<\/p>\n<h4>Caract\u00e9ristique :<\/h4>\n<ul>\n<li>Contenance : 200 ml<\/li>\n<li>\u00a0PG\/VG: 50\/50<\/li>\n<li>\u00a0Saveur : Fraise, M\u00fbre, Myrtille, Cassis et bien d&rsquo;autres encore !<\/li>\n<li>\u00a0Frais\/Menthol\u00e9 : Oui<\/li>\n<li>\u00a0Nicotine : 0 mg, personnalisable avec des boosters<\/li>\n<li>\u00a0Pays d&rsquo;origine : France<\/li>\n<\/ul>\n<p>Optez pour le <strong>e-liquide de Hello Cloudy<\/strong> et laissez vous emporter par un <strong>tourbillon de saveurs fruit\u00e9es et fra\u00eeches<\/strong> \u00e0 chaque bouff\u00e9e !<\/p>\n<ul>\n<li><strong>Saveur<\/strong> : M\u00e9lange de fraises, m\u00fbres, myrtilles et cassis.<\/li>\n<li><strong>Contenance<\/strong> : Flacon de 200 ml.<\/li>\n<li><strong>PG\/VG<\/strong> : Ratio 50\/50, \u00e9quilibre parfait entre vapeur et saveurs.<\/li>\n<li><strong>Sans nicotine<\/strong> : Personnalisable avec boosters.<\/li>\n<li><strong>Fabriqu\u00e9 en France<\/strong> : Haute qualit\u00e9 et conformit\u00e9 europ\u00e9enne.<\/li>\n<li><strong>Effet frais<\/strong> : Id\u00e9al pour un vapotage quotidien.<\/li>\n<\/ul>\n<h4 style=\"text-align: center;\">Utiliser le <a href=\"https:\/\/www.chicha-tiime.fr\/en\/product\/fiole-tribal-boost-fresh-nicotine\/\">booster Tribal Boost<\/a> pour seulement 2 euros !<\/h4>\n<p><a href=\"https:\/\/www.chicha-tiime.fr\/en\/product\/fiole-tribal-boost-fresh-nicotine\/\"><img fetchpriority=\"high\" decoding=\"async\" class=\"aligncenter\" src=\"https:\/\/www.chicha-tiime.fr\/wp-content\/uploads\/2024\/03\/booster-de-nicotine-frais-5050-nouvelle-version-chubby-10ml-20mg-tribal-boost-tribal-force.webp\" alt=\"\" width=\"379\" height=\"379\" \/><\/a><\/p>","protected":false},"excerpt":{"rendered":"<div class=\"flex max-w-full flex-col flex-grow\">\n<div class=\"min-h-[20px] text-message flex w-full flex-col items-end gap-2 whitespace-normal break-words [.text-message+&amp;]:mt-5\" dir=\"auto\" data-message-author-role=\"assistant\" data-message-id=\"216c243d-01fb-406f-9f9f-248bf5f57e64\">\n<div class=\"flex w-full flex-col gap-1 empty:hidden first:pt-[3px]\">\n<div class=\"markdown prose w-full break-words dark:prose-invert light\">\n<ul>\n<li><strong>Saveur<\/strong> : M\u00e9lange de fraises, m\u00fbres, myrtilles et cassis.<\/li>\n<li><strong>Contenance<\/strong> : Flacon de 200 ml.<\/li>\n<li><strong>PG\/VG<\/strong> : Ratio 50\/50, \u00e9quilibre parfait entre vapeur et saveurs.<\/li>\n<li><strong>Sans nicotine<\/strong> : Personnalisable avec boosters.<\/li>\n<li><strong>Fabriqu\u00e9 en France<\/strong> : Haute qualit\u00e9 et conformit\u00e9 europ\u00e9enne.<\/li>\n<li><strong>Effet frais<\/strong> : Id\u00e9al pour un vapotage quotidien.<\/li>\n<\/ul>\n<\/div>\n<\/div>\n<\/div>\n<\/div>\n<div class=\"mt-1 flex gap-3 empty:hidden -ml-2\">\n<div class=\"items-center justify-start rounded-xl p-1 flex\"><\/div>\n<\/div>\n","protected":false},"featured_media":10938,"comment_status":"open","ping_status":"closed","template":"","meta":{"om_disable_all_campaigns":false,"_monsterinsights_skip_tracking":false,"_monsterinsights_sitenote_active":false,"_monsterinsights_sitenote_note":"","_monsterinsights_sitenote_category":0,"_uf_show_specific_survey":0,"_uf_disable_surveys":false},"product_brand":[],"product_cat":[250,249],"product_tag":[517],"class_list":{"0":"post-10916","1":"product","2":"type-product","3":"status-publish","4":"has-post-thumbnail","6":"product_cat-de-saveurs","7":"product_cat-gouts-sans-nicotine","8":"product_tag-hello-cloudy","10":"first","11":"instock","12":"sale","13":"taxable","14":"shipping-taxable","15":"purchasable","16":"product-type-variable"},"aioseo_notices":[],"jetpack_sharing_enabled":true,"_links":{"self":[{"href":"https:\/\/www.chicha-tiime.fr\/en\/wp-json\/wp\/v2\/product\/10916","targetHints":{"allow":["GET"]}}],"collection":[{"href":"https:\/\/www.chicha-tiime.fr\/en\/wp-json\/wp\/v2\/product"}],"about":[{"href":"https:\/\/www.chicha-tiime.fr\/en\/wp-json\/wp\/v2\/types\/product"}],"replies":[{"embeddable":true,"href":"https:\/\/www.chicha-tiime.fr\/en\/wp-json\/wp\/v2\/comments?post=10916"}],"wp:featuredmedia":[{"embeddable":true,"href":"https:\/\/www.chicha-tiime.fr\/en\/wp-json\/wp\/v2\/media\/10938"}],"wp:attachment":[{"href":"https:\/\/www.chicha-tiime.fr\/en\/wp-json\/wp\/v2\/media?parent=10916"}],"wp:term":[{"taxonomy":"product_brand","embeddable":true,"href":"https:\/\/www.chicha-tiime.fr\/en\/wp-json\/wp\/v2\/product_brand?post=10916"},{"taxonomy":"product_cat","embeddable":true,"href":"https:\/\/www.chicha-tiime.fr\/en\/wp-json\/wp\/v2\/product_cat?post=10916"},{"taxonomy":"product_tag","embeddable":true,"href":"https:\/\/www.chicha-tiime.fr\/en\/wp-json\/wp\/v2\/product_tag?post=10916"}],"curies":[{"name":"wp","href":"https:\/\/api.w.org\/{rel}","templated":true}]}}