{"id":1052,"date":"2020-06-09T10:01:04","date_gmt":"2020-06-09T10:01:04","guid":{"rendered":"https:\/\/www.chicha-tiime.fr\/?post_type=product&#038;p=1052"},"modified":"2025-11-12T16:50:47","modified_gmt":"2025-11-12T16:50:47","slug":"chicha-c5","status":"publish","type":"product","link":"https:\/\/www.chicha-tiime.fr\/en\/product\/chicha-c5\/","title":{"rendered":"Chicha C5 &#8211; El Badia multi coloris"},"content":{"rendered":"<div data-axseo-oldtag=\"h3\">\n<h1>D\u00e9couvrez la chicha El-Badia C5<\/h1>\n<p>Un narguil\u00e9 de 43 cm de hauteur qui incarne la puissance et la performance dans la gamme de produits de la c\u00e9l\u00e8bre marque fran\u00e7aise <a href=\"https:\/\/www.el-badia.com\/fr\/\">El-Badia<\/a>. Cette chicha haut de gamme est dot\u00e9e d&rsquo;une fermeture par syst\u00e8me \u00ab\u00a0click\u00a0\u00bb, garantissant une \u00e9tanch\u00e9it\u00e9 fiable et une exp\u00e9rience de fum\u00e9e exceptionnelle.<\/p>\n<p>Avec son design soign\u00e9, la El-Badia C5 s&rsquo;inscrit dans la lign\u00e9e des narguil\u00e9s phares de la marque, d\u00e9montrant un engagement constant envers la qualit\u00e9.<\/p>\n<h2>Le package complet de la El-Badia C5 comprend<\/h2>\n<ul>\n<li>une pince pratique<\/li>\n<li>un set chemin\u00e9e de type <a href=\"https:\/\/www.chicha-tiime.fr\/en\/product-category\/foyer\/foyer-brohood\/\">Brohood<\/a>,<\/li>\n<li>un tuyau en silicone avec son manche<\/li>\n<li>et un ressort anti-plis, offrant ainsi une utilisation polyvalente et une adaptabilit\u00e9 \u00e0 diff\u00e9rents styles de sessions de chicha.<\/li>\n<\/ul>\n<p>Que vous pr\u00e9f\u00e9riez les <a href=\"https:\/\/www.chicha-tiime.fr\/en\/product\/charbon-naturel-fresh-coco-supreme-1-kg\/\">charbons naturels<\/a> ou <a href=\"https:\/\/www.chicha-tiime.fr\/en\/product\/charbons-three-kings-33mm-rouleau-de-10\/\">auto-allumants<\/a>, cette chicha performante saura r\u00e9pondre \u00e0 vos besoins.<\/p>\n<h2>Robuste et l\u00e9g\u00e8re<\/h2>\n<p>La construction en aluminium de la El-Badia C5 la rend r\u00e9sistante \u00e0 la corrosion et \u00e0 la rouille, assurant une durabilit\u00e9 \u00e0 long terme. Avec ses 43 cm de hauteur, elle constitue une chicha de taille moyenne, offrant la possibilit\u00e9 de la transporter facilement ou de la laisser \u00e0 la maison selon vos pr\u00e9f\u00e9rences.<\/p>\n<p>Un avantage notable de la El-Badia C5 est son cut de colonne 18\/8 int\u00e9gr\u00e9, permettant une personnalisation facile du narguil\u00e9 avec un r\u00e9cup\u00e9rateur de molasse.<\/p>\n<h3>compatible avec le grand diffuseur El-Badia<\/h3>\n<p>Id\u00e9al pour r\u00e9duire le bruit produit par le tirage, ce qui en fait un choix parfait pour des sessions nocturnes ou pour les amateurs de cin\u00e9ma qui souhaitent profiter pleinement de leurs films ou s\u00e9ries pr\u00e9f\u00e9r\u00e9es.<\/p>\n<p>Le large diam\u00e8tre du plongeur contribue \u00e0 un tirage fluide, accentuant le volume de fum\u00e9e produit, offrant ainsi une exp\u00e9rience de chicha incomparable.<\/p>\n<p>En r\u00e9sum\u00e9, la chicha El-Badia C5 combine puissance, polyvalence et design astucieux pour cr\u00e9er une exp\u00e9rience de narguil\u00e9 exceptionnelle, adapt\u00e9e \u00e0 tous les utilisateurs, des d\u00e9butants aux connaisseurs les plus exigeants. Explorez le monde de la chicha avec la El-Badia C5 et vivez des moments de d\u00e9tente et de convivialit\u00e9 inoubliables.<\/p>\n<p style=\"text-align: center\"><b>Recommandation : Nous sugg\u00e9rons a notre client\u00e8le de privil\u00e9gier un system de chauffe <a href=\"https:\/\/www.chicha-tiime.fr\/en\/product-category\/foyer\/foyer-kaloud\/\">type kaloud<\/a><\/b><\/p>\n<\/div>\n<p><img decoding=\"async\" class=\"aligncenter\" src=\"https:\/\/www.chicha-tiime.fr\/wp-content\/uploads\/2021\/08\/CRYSTAL-CASE-3-100x100.jpg\" alt=\"Image du produit\" width=\"177\" height=\"177\" \/><\/p>\n<div class=\"page-heading\" style=\"text-align: left\" data-axseo-oldtag=\"h3\"><strong>Les caract\u00e9ristique du produit :<\/strong><\/div>\n<div class=\"feature-content\">\n<div class=\"row\">\n<div class=\"col-sm-6 col-sm-offset-3\">\n<div class=\"table-content\">\n<table class=\"table alignleft\">\n<tbody>\n<tr>\n<td class=\"name\">TAILLE<\/td>\n<td>43 cm<\/td>\n<\/tr>\n<tr>\n<td class=\"name\">VASE<\/td>\n<td>en verre<\/td>\n<\/tr>\n<tr>\n<td class=\"name\">FOYER<\/td>\n<td>avec grille de chauffe<\/td>\n<\/tr>\n<tr>\n<td class=\"name\">TUYAU<\/td>\n<td>silicone &amp; manche alu<\/td>\n<\/tr>\n<tr>\n<td class=\"name\">FIXATION<\/td>\n<td>CLICK par rivets<\/td>\n<\/tr>\n<tr>\n<td class=\"name\">AUTRE<\/td>\n<td>cut de colonne 18\/8 inclus<\/td>\n<\/tr>\n<\/tbody>\n<\/table>\n<\/div>\n<\/div>\n<\/div>\n<\/div>","protected":false},"excerpt":{"rendered":"<p>Chicha EL-BADIA C5<\/p>\n<ul>\n<li>43cm,<\/li>\n<li>vase en verre CLICK<\/li>\n<li>CUT de colonne 18\/8<\/li>\n<li>fourni avec tuyau silicone<\/li>\n<li>manche m\u00e9tallique<\/li>\n<li>foyer<\/li>\n<li>\u00a0syst\u00e8me de chauffe type chemin\u00e9e.<\/li>\n<\/ul>","protected":false},"featured_media":5856,"comment_status":"open","ping_status":"closed","template":"","meta":{"om_disable_all_campaigns":false,"_monsterinsights_skip_tracking":false,"_monsterinsights_sitenote_active":false,"_monsterinsights_sitenote_note":"","_monsterinsights_sitenote_category":0,"_uf_show_specific_survey":0,"_uf_disable_surveys":false},"product_brand":[],"product_cat":[50,68,341],"product_tag":[217],"class_list":{"0":"post-1052","1":"product","2":"type-product","3":"status-publish","4":"has-post-thumbnail","6":"product_cat-chicha","7":"product_cat-chichas-classiques","8":"product_cat-soldes","9":"product_tag-el-badia","10":"pa_categorie-chicha","11":"pa_categorie-chicha-grand-public","12":"pa_couleurs-all-black","13":"pa_couleurs-black-gold","14":"pa_couleurs-blue","15":"pa_couleurs-carbone","16":"pa_couleurs-clear","17":"pa_couleurs-green","18":"pa_couleurs-pink","19":"pa_couleurs-white","21":"first","22":"instock","23":"taxable","24":"shipping-taxable","25":"purchasable","26":"product-type-variable"},"aioseo_notices":[],"jetpack_sharing_enabled":true,"_links":{"self":[{"href":"https:\/\/www.chicha-tiime.fr\/en\/wp-json\/wp\/v2\/product\/1052","targetHints":{"allow":["GET"]}}],"collection":[{"href":"https:\/\/www.chicha-tiime.fr\/en\/wp-json\/wp\/v2\/product"}],"about":[{"href":"https:\/\/www.chicha-tiime.fr\/en\/wp-json\/wp\/v2\/types\/product"}],"replies":[{"embeddable":true,"href":"https:\/\/www.chicha-tiime.fr\/en\/wp-json\/wp\/v2\/comments?post=1052"}],"wp:featuredmedia":[{"embeddable":true,"href":"https:\/\/www.chicha-tiime.fr\/en\/wp-json\/wp\/v2\/media\/5856"}],"wp:attachment":[{"href":"https:\/\/www.chicha-tiime.fr\/en\/wp-json\/wp\/v2\/media?parent=1052"}],"wp:term":[{"taxonomy":"product_brand","embeddable":true,"href":"https:\/\/www.chicha-tiime.fr\/en\/wp-json\/wp\/v2\/product_brand?post=1052"},{"taxonomy":"product_cat","embeddable":true,"href":"https:\/\/www.chicha-tiime.fr\/en\/wp-json\/wp\/v2\/product_cat?post=1052"},{"taxonomy":"product_tag","embeddable":true,"href":"https:\/\/www.chicha-tiime.fr\/en\/wp-json\/wp\/v2\/product_tag?post=1052"}],"curies":[{"name":"wp","href":"https:\/\/api.w.org\/{rel}","templated":true}]}}