{"id":1008,"date":"2020-06-08T18:28:07","date_gmt":"2020-06-08T18:28:07","guid":{"rendered":"https:\/\/www.chicha-tiime.fr\/?page_id=1008"},"modified":"2026-03-16T21:57:04","modified_gmt":"2026-03-16T21:57:04","slug":"notre-magasin","status":"publish","type":"page","link":"https:\/\/www.chicha-tiime.fr\/en\/notre-magasin\/","title":{"rendered":"Notre Magasin"},"content":{"rendered":"\t\t<div data-elementor-type=\"wp-page\" data-elementor-id=\"1008\" class=\"elementor elementor-1008\">\n\t\t\t\t\t\t<section class=\"elementor-section elementor-top-section elementor-element elementor-element-8671361 elementor-section-stretched elementor-section-boxed elementor-section-height-default elementor-section-height-default\" data-id=\"8671361\" data-element_type=\"section\" data-e-type=\"section\" data-settings=\"{&quot;stretch_section&quot;:&quot;section-stretched&quot;,&quot;background_background&quot;:&quot;slideshow&quot;,&quot;background_slideshow_gallery&quot;:[{&quot;id&quot;:3355,&quot;url&quot;:&quot;https:\\\/\\\/www.chicha-tiime.fr\\\/wp-content\\\/uploads\\\/2021\\\/07\\\/illustration-chicha.jpeg&quot;}],&quot;background_slideshow_loop&quot;:&quot;yes&quot;,&quot;background_slideshow_slide_duration&quot;:5000,&quot;background_slideshow_slide_transition&quot;:&quot;fade&quot;,&quot;background_slideshow_transition_duration&quot;:500}\">\n\t\t\t\t\t\t\t<div class=\"elementor-background-overlay\"><\/div>\n\t\t\t\t\t\t\t<div class=\"elementor-container elementor-column-gap-default\">\n\t\t\t\t\t<div class=\"elementor-column elementor-col-100 elementor-top-column elementor-element elementor-element-dfe6d71\" data-id=\"dfe6d71\" data-element_type=\"column\" data-e-type=\"column\">\n\t\t\t<div class=\"elementor-widget-wrap elementor-element-populated\">\n\t\t\t\t\t\t<div class=\"elementor-element elementor-element-4ef4417 elementor-widget elementor-widget-spacer\" data-id=\"4ef4417\" data-element_type=\"widget\" data-e-type=\"widget\" data-widget_type=\"spacer.default\">\n\t\t\t\t<div class=\"elementor-widget-container\">\n\t\t\t\t\t\t\t<div class=\"elementor-spacer\">\n\t\t\t<div class=\"elementor-spacer-inner\"><\/div>\n\t\t<\/div>\n\t\t\t\t\t\t<\/div>\n\t\t\t\t<\/div>\n\t\t\t\t<div class=\"elementor-element elementor-element-e6178ce elementor-widget elementor-widget-heading\" data-id=\"e6178ce\" data-element_type=\"widget\" data-e-type=\"widget\" data-widget_type=\"heading.default\">\n\t\t\t\t<div class=\"elementor-widget-container\">\n\t\t\t\t\t<h5 class=\"elementor-heading-title elementor-size-default\">CHICHA TIIME<\/h5>\t\t\t\t<\/div>\n\t\t\t\t<\/div>\n\t\t\t\t<div class=\"elementor-element elementor-element-53c6dd4 elementor-widget elementor-widget-heading\" data-id=\"53c6dd4\" data-element_type=\"widget\" data-e-type=\"widget\" data-widget_type=\"heading.default\">\n\t\t\t\t<div class=\"elementor-widget-container\">\n\t\t\t\t\t<h1 class=\"elementor-heading-title elementor-size-default\">Notre magasin<\/h1>\t\t\t\t<\/div>\n\t\t\t\t<\/div>\n\t\t\t\t<div class=\"elementor-element elementor-element-e4f3f08 elementor-widget elementor-widget-spacer\" data-id=\"e4f3f08\" data-element_type=\"widget\" data-e-type=\"widget\" data-widget_type=\"spacer.default\">\n\t\t\t\t<div class=\"elementor-widget-container\">\n\t\t\t\t\t\t\t<div class=\"elementor-spacer\">\n\t\t\t<div class=\"elementor-spacer-inner\"><\/div>\n\t\t<\/div>\n\t\t\t\t\t\t<\/div>\n\t\t\t\t<\/div>\n\t\t\t\t\t<\/div>\n\t\t<\/div>\n\t\t\t\t\t<\/div>\n\t\t<\/section>\n\t\t\t\t<section class=\"elementor-section elementor-top-section elementor-element elementor-element-ff18f83 elementor-section-boxed elementor-section-height-default elementor-section-height-default\" data-id=\"ff18f83\" data-element_type=\"section\" data-e-type=\"section\">\n\t\t\t\t\t\t<div class=\"elementor-container elementor-column-gap-default\">\n\t\t\t\t\t<div class=\"elementor-column elementor-col-100 elementor-top-column elementor-element elementor-element-65909bf\" data-id=\"65909bf\" data-element_type=\"column\" data-e-type=\"column\">\n\t\t\t<div class=\"elementor-widget-wrap elementor-element-populated\">\n\t\t\t\t\t\t<div class=\"elementor-element elementor-element-b51b862 elementor-widget elementor-widget-spacer\" data-id=\"b51b862\" data-element_type=\"widget\" data-e-type=\"widget\" data-widget_type=\"spacer.default\">\n\t\t\t\t<div class=\"elementor-widget-container\">\n\t\t\t\t\t\t\t<div class=\"elementor-spacer\">\n\t\t\t<div class=\"elementor-spacer-inner\"><\/div>\n\t\t<\/div>\n\t\t\t\t\t\t<\/div>\n\t\t\t\t<\/div>\n\t\t\t\t<div class=\"elementor-element elementor-element-c3f44eb elementor-widget elementor-widget-heading\" data-id=\"c3f44eb\" data-element_type=\"widget\" data-e-type=\"widget\" data-widget_type=\"heading.default\">\n\t\t\t\t<div class=\"elementor-widget-container\">\n\t\t\t\t\t<h2 class=\"elementor-heading-title elementor-size-default\">Chicha Tiime, votre partenaire d\u00e9tente.<\/h2>\t\t\t\t<\/div>\n\t\t\t\t<\/div>\n\t\t\t\t<div class=\"elementor-element elementor-element-ce2ce61 elementor-widget elementor-widget-spacer\" data-id=\"ce2ce61\" data-element_type=\"widget\" data-e-type=\"widget\" data-widget_type=\"spacer.default\">\n\t\t\t\t<div class=\"elementor-widget-container\">\n\t\t\t\t\t\t\t<div class=\"elementor-spacer\">\n\t\t\t<div class=\"elementor-spacer-inner\"><\/div>\n\t\t<\/div>\n\t\t\t\t\t\t<\/div>\n\t\t\t\t<\/div>\n\t\t\t\t\t<\/div>\n\t\t<\/div>\n\t\t\t\t\t<\/div>\n\t\t<\/section>\n\t\t\t\t<section class=\"elementor-section elementor-top-section elementor-element elementor-element-59e99d5 elementor-section-boxed elementor-section-height-default elementor-section-height-default\" data-id=\"59e99d5\" data-element_type=\"section\" data-e-type=\"section\">\n\t\t\t\t\t\t<div class=\"elementor-container elementor-column-gap-default\">\n\t\t\t\t\t<div class=\"elementor-column elementor-col-50 elementor-top-column elementor-element elementor-element-5d5881e\" data-id=\"5d5881e\" data-element_type=\"column\" data-e-type=\"column\">\n\t\t\t<div class=\"elementor-widget-wrap elementor-element-populated\">\n\t\t\t\t\t\t<div class=\"elementor-element elementor-element-bf2b0ab elementor-widget elementor-widget-video\" data-id=\"bf2b0ab\" data-element_type=\"widget\" data-e-type=\"widget\" data-settings=\"{&quot;youtube_url&quot;:&quot;https:\\\/\\\/www.youtube.com\\\/watch?v=lAiAk9U42Dg&quot;,&quot;video_type&quot;:&quot;youtube&quot;,&quot;controls&quot;:&quot;yes&quot;}\" data-widget_type=\"video.default\">\n\t\t\t\t<div class=\"elementor-widget-container\">\n\t\t\t\t\t\t\t<div class=\"elementor-wrapper elementor-open-inline\">\n\t\t\t<div class=\"elementor-video\"><\/div>\t\t<\/div>\n\t\t\t\t\t\t<\/div>\n\t\t\t\t<\/div>\n\t\t\t\t\t<\/div>\n\t\t<\/div>\n\t\t\t\t<div class=\"elementor-column elementor-col-50 elementor-top-column elementor-element elementor-element-efd93fd\" data-id=\"efd93fd\" data-element_type=\"column\" data-e-type=\"column\">\n\t\t\t<div class=\"elementor-widget-wrap elementor-element-populated\">\n\t\t\t\t\t\t<div class=\"elementor-element elementor-element-86cc446 elementor-widget elementor-widget-text-editor\" data-id=\"86cc446\" data-element_type=\"widget\" data-e-type=\"widget\" data-widget_type=\"text-editor.default\">\n\t\t\t\t<div class=\"elementor-widget-container\">\n\t\t\t\t\t\t\t\t\t<p style=\"text-align: justify;\">Implant\u00e9 depuis 2016 en r\u00e9gion parisienne, <strong>Chicha Tiime est l&rsquo;un\u00a0des magasins de chichas &amp; accessoires les plus r\u00e9put\u00e9s<\/strong>.<\/p><p>\u00a0<\/p><p style=\"text-align: justify;\">Nous poss\u00e9dons un catalogue <strong>unique<\/strong> qui vous permettra de trouver le mod\u00e8le de chichas et accessoires le mieux adapt\u00e9 \u00e0 vos besoins.<\/p><p style=\"text-align: justify;\">De la chicha \u00e0 petit prix \u00e0 la chicha de luxe, notre s\u00e9lection vous garantit dans tous les cas la qualit\u00e9 au meilleur prix.\u00a0<\/p><p style=\"text-align: justify;\">Nous travaillons exclusivement avec des marques de qualit\u00e9s et nous saurons vous conseiller et accompagner lors de votre achat.<\/p>\t\t\t\t\t\t\t\t<\/div>\n\t\t\t\t<\/div>\n\t\t\t\t\t<\/div>\n\t\t<\/div>\n\t\t\t\t\t<\/div>\n\t\t<\/section>\n\t\t\t\t<section class=\"elementor-section elementor-top-section elementor-element elementor-element-9b4ce49 elementor-section-boxed elementor-section-height-default elementor-section-height-default\" data-id=\"9b4ce49\" data-element_type=\"section\" data-e-type=\"section\">\n\t\t\t\t\t\t<div class=\"elementor-container elementor-column-gap-default\">\n\t\t\t\t\t<div class=\"elementor-column elementor-col-100 elementor-top-column elementor-element elementor-element-3156eac\" data-id=\"3156eac\" data-element_type=\"column\" data-e-type=\"column\">\n\t\t\t<div class=\"elementor-widget-wrap elementor-element-populated\">\n\t\t\t\t\t\t<div class=\"elementor-element elementor-element-7a56c0f elementor-widget elementor-widget-spacer\" data-id=\"7a56c0f\" data-element_type=\"widget\" data-e-type=\"widget\" data-widget_type=\"spacer.default\">\n\t\t\t\t<div class=\"elementor-widget-container\">\n\t\t\t\t\t\t\t<div class=\"elementor-spacer\">\n\t\t\t<div class=\"elementor-spacer-inner\"><\/div>\n\t\t<\/div>\n\t\t\t\t\t\t<\/div>\n\t\t\t\t<\/div>\n\t\t\t\t<div class=\"elementor-element elementor-element-9ffc5ff elementor-widget elementor-widget-heading\" data-id=\"9ffc5ff\" data-element_type=\"widget\" data-e-type=\"widget\" data-widget_type=\"heading.default\">\n\t\t\t\t<div class=\"elementor-widget-container\">\n\t\t\t\t\t<h2 class=\"elementor-heading-title elementor-size-default\">Plus qu'une passion, une vocation ...<\/h2>\t\t\t\t<\/div>\n\t\t\t\t<\/div>\n\t\t\t\t<div class=\"elementor-element elementor-element-0d5af14 elementor-widget elementor-widget-text-editor\" data-id=\"0d5af14\" data-element_type=\"widget\" data-e-type=\"widget\" data-widget_type=\"text-editor.default\">\n\t\t\t\t<div class=\"elementor-widget-container\">\n\t\t\t\t\t\t\t\t\t<p>Nous proposons r\u00e9guli\u00e8rement <b>des mod\u00e8les exclusifs<\/b> et <b>des offres promotionnelles<\/b> que vous pouvez d\u00e9couvrir directement sur notre site internet ou dans notre boutique de Noisy Le Sec.\u00a0<br \/>Nos produits sont tous issus des meilleurs fabricants (El Badia, Dum, Aladin, 3Kings etc&#8230;) et nous en garantissons l&rsquo;authenticit\u00e9.<\/p><p>Nous effectuons un suivi constant de votre commande depuis l&rsquo;exp\u00e9dition jusqu&rsquo;au service apr\u00e8s vente.<\/p><p>Nos clients sont<b> satisfaits<\/b> et nous faisons tout <b>pour que \u00e7a dure<\/b>\u00a0!<\/p><p>L&rsquo;Equipe Chicha Tiime.\u00a0<\/p>\t\t\t\t\t\t\t\t<\/div>\n\t\t\t\t<\/div>\n\t\t\t\t\t<\/div>\n\t\t<\/div>\n\t\t\t\t\t<\/div>\n\t\t<\/section>\n\t\t\t\t<section class=\"elementor-section elementor-top-section elementor-element elementor-element-9d42892 elementor-section-full_width elementor-section-height-default elementor-section-height-default\" data-id=\"9d42892\" data-element_type=\"section\" data-e-type=\"section\">\n\t\t\t\t\t\t<div class=\"elementor-container elementor-column-gap-default\">\n\t\t\t\t\t<div class=\"elementor-column elementor-col-25 elementor-top-column elementor-element elementor-element-37cb9c9\" data-id=\"37cb9c9\" data-element_type=\"column\" data-e-type=\"column\">\n\t\t\t<div class=\"elementor-widget-wrap elementor-element-populated\">\n\t\t\t\t\t\t<div class=\"elementor-element elementor-element-5dd044f elementor-widget elementor-widget-image\" data-id=\"5dd044f\" data-element_type=\"widget\" data-e-type=\"widget\" data-widget_type=\"image.default\">\n\t\t\t\t<div class=\"elementor-widget-container\">\n\t\t\t\t\t\t\t\t\t\t\t\t\t\t\t<img fetchpriority=\"high\" decoding=\"async\" width=\"1024\" height=\"768\" src=\"https:\/\/www.chicha-tiime.fr\/wp-content\/uploads\/2023\/09\/2021-03-31-1024x768.jpg\" class=\"attachment-large size-large wp-image-8072\" alt=\"\" srcset=\"https:\/\/www.chicha-tiime.fr\/wp-content\/uploads\/2023\/09\/2021-03-31-1024x768.jpg 1024w, https:\/\/www.chicha-tiime.fr\/wp-content\/uploads\/2023\/09\/2021-03-31-400x300.jpg 400w, https:\/\/www.chicha-tiime.fr\/wp-content\/uploads\/2023\/09\/2021-03-31-64x48.jpg 64w, https:\/\/www.chicha-tiime.fr\/wp-content\/uploads\/2023\/09\/2021-03-31-300x225.jpg 300w, https:\/\/www.chicha-tiime.fr\/wp-content\/uploads\/2023\/09\/2021-03-31-768x576.jpg 768w, https:\/\/www.chicha-tiime.fr\/wp-content\/uploads\/2023\/09\/2021-03-31-16x12.jpg 16w, https:\/\/www.chicha-tiime.fr\/wp-content\/uploads\/2023\/09\/2021-03-31.jpg 1360w\" sizes=\"(max-width: 1024px) 100vw, 1024px\" \/>\t\t\t\t\t\t\t\t\t\t\t\t\t\t\t<\/div>\n\t\t\t\t<\/div>\n\t\t\t\t\t<\/div>\n\t\t<\/div>\n\t\t\t\t<div class=\"elementor-column elementor-col-25 elementor-top-column elementor-element elementor-element-e56f8ee\" data-id=\"e56f8ee\" data-element_type=\"column\" data-e-type=\"column\">\n\t\t\t<div class=\"elementor-widget-wrap elementor-element-populated\">\n\t\t\t\t\t\t<div class=\"elementor-element elementor-element-f7e007e elementor-widget elementor-widget-image\" data-id=\"f7e007e\" data-element_type=\"widget\" data-e-type=\"widget\" data-widget_type=\"image.default\">\n\t\t\t\t<div class=\"elementor-widget-container\">\n\t\t\t\t\t\t\t\t\t\t\t\t\t\t\t<img decoding=\"async\" width=\"1024\" height=\"768\" src=\"https:\/\/www.chicha-tiime.fr\/wp-content\/uploads\/2023\/09\/2021-08-04.jpg\" class=\"attachment-large size-large wp-image-8071\" alt=\"\" srcset=\"https:\/\/www.chicha-tiime.fr\/wp-content\/uploads\/2023\/09\/2021-08-04.jpg 1024w, https:\/\/www.chicha-tiime.fr\/wp-content\/uploads\/2023\/09\/2021-08-04-400x300.jpg 400w, https:\/\/www.chicha-tiime.fr\/wp-content\/uploads\/2023\/09\/2021-08-04-64x48.jpg 64w, https:\/\/www.chicha-tiime.fr\/wp-content\/uploads\/2023\/09\/2021-08-04-300x225.jpg 300w, https:\/\/www.chicha-tiime.fr\/wp-content\/uploads\/2023\/09\/2021-08-04-768x576.jpg 768w, https:\/\/www.chicha-tiime.fr\/wp-content\/uploads\/2023\/09\/2021-08-04-16x12.jpg 16w\" sizes=\"(max-width: 1024px) 100vw, 1024px\" \/>\t\t\t\t\t\t\t\t\t\t\t\t\t\t\t<\/div>\n\t\t\t\t<\/div>\n\t\t\t\t\t<\/div>\n\t\t<\/div>\n\t\t\t\t<div class=\"elementor-column elementor-col-25 elementor-top-column elementor-element elementor-element-72597d3\" data-id=\"72597d3\" data-element_type=\"column\" data-e-type=\"column\">\n\t\t\t<div class=\"elementor-widget-wrap elementor-element-populated\">\n\t\t\t\t\t\t<div class=\"elementor-element elementor-element-24966e4 elementor-widget elementor-widget-image\" data-id=\"24966e4\" data-element_type=\"widget\" data-e-type=\"widget\" data-widget_type=\"image.default\">\n\t\t\t\t<div class=\"elementor-widget-container\">\n\t\t\t\t\t\t\t\t\t\t\t\t\t\t\t<img decoding=\"async\" width=\"1024\" height=\"681\" src=\"https:\/\/www.chicha-tiime.fr\/wp-content\/uploads\/2023\/09\/unnamed-1024x681.jpg\" class=\"attachment-large size-large wp-image-8070\" alt=\"\" srcset=\"https:\/\/www.chicha-tiime.fr\/wp-content\/uploads\/2023\/09\/unnamed-1024x681.jpg 1024w, https:\/\/www.chicha-tiime.fr\/wp-content\/uploads\/2023\/09\/unnamed-400x266.jpg 400w, https:\/\/www.chicha-tiime.fr\/wp-content\/uploads\/2023\/09\/unnamed-64x43.jpg 64w, https:\/\/www.chicha-tiime.fr\/wp-content\/uploads\/2023\/09\/unnamed-300x200.jpg 300w, https:\/\/www.chicha-tiime.fr\/wp-content\/uploads\/2023\/09\/unnamed-768x511.jpg 768w, https:\/\/www.chicha-tiime.fr\/wp-content\/uploads\/2023\/09\/unnamed-18x12.jpg 18w, https:\/\/www.chicha-tiime.fr\/wp-content\/uploads\/2023\/09\/unnamed.jpg 1360w\" sizes=\"(max-width: 1024px) 100vw, 1024px\" \/>\t\t\t\t\t\t\t\t\t\t\t\t\t\t\t<\/div>\n\t\t\t\t<\/div>\n\t\t\t\t\t<\/div>\n\t\t<\/div>\n\t\t\t\t<div class=\"elementor-column elementor-col-25 elementor-top-column elementor-element elementor-element-ae07aa6\" data-id=\"ae07aa6\" data-element_type=\"column\" data-e-type=\"column\">\n\t\t\t<div class=\"elementor-widget-wrap elementor-element-populated\">\n\t\t\t\t\t\t<div class=\"elementor-element elementor-element-7b66d49 elementor-widget elementor-widget-image\" data-id=\"7b66d49\" data-element_type=\"widget\" data-e-type=\"widget\" data-widget_type=\"image.default\">\n\t\t\t\t<div class=\"elementor-widget-container\">\n\t\t\t\t\t\t\t\t\t\t\t\t\t\t\t<img loading=\"lazy\" decoding=\"async\" width=\"1024\" height=\"725\" src=\"https:\/\/www.chicha-tiime.fr\/wp-content\/uploads\/2023\/09\/Capture-decran-2023-09-12-a-11.37.52-1024x725.png\" class=\"attachment-large size-large wp-image-8074\" alt=\"\" srcset=\"https:\/\/www.chicha-tiime.fr\/wp-content\/uploads\/2023\/09\/Capture-decran-2023-09-12-a-11.37.52-1024x725.png 1024w, https:\/\/www.chicha-tiime.fr\/wp-content\/uploads\/2023\/09\/Capture-decran-2023-09-12-a-11.37.52-400x283.png 400w, https:\/\/www.chicha-tiime.fr\/wp-content\/uploads\/2023\/09\/Capture-decran-2023-09-12-a-11.37.52-64x45.png 64w, https:\/\/www.chicha-tiime.fr\/wp-content\/uploads\/2023\/09\/Capture-decran-2023-09-12-a-11.37.52-300x212.png 300w, https:\/\/www.chicha-tiime.fr\/wp-content\/uploads\/2023\/09\/Capture-decran-2023-09-12-a-11.37.52-768x544.png 768w, https:\/\/www.chicha-tiime.fr\/wp-content\/uploads\/2023\/09\/Capture-decran-2023-09-12-a-11.37.52-18x12.png 18w, https:\/\/www.chicha-tiime.fr\/wp-content\/uploads\/2023\/09\/Capture-decran-2023-09-12-a-11.37.52.png 1136w\" sizes=\"(max-width: 1024px) 100vw, 1024px\" \/>\t\t\t\t\t\t\t\t\t\t\t\t\t\t\t<\/div>\n\t\t\t\t<\/div>\n\t\t\t\t\t<\/div>\n\t\t<\/div>\n\t\t\t\t\t<\/div>\n\t\t<\/section>\n\t\t\t\t<section class=\"elementor-section elementor-top-section elementor-element elementor-element-16d5a2c elementor-section-boxed elementor-section-height-default elementor-section-height-default\" data-id=\"16d5a2c\" data-element_type=\"section\" data-e-type=\"section\">\n\t\t\t\t\t\t<div class=\"elementor-container elementor-column-gap-default\">\n\t\t\t\t\t<div class=\"elementor-column elementor-col-100 elementor-top-column elementor-element elementor-element-0354c54\" data-id=\"0354c54\" data-element_type=\"column\" data-e-type=\"column\">\n\t\t\t<div class=\"elementor-widget-wrap elementor-element-populated\">\n\t\t\t\t\t\t<div class=\"elementor-element elementor-element-512e374 elementor-widget elementor-widget-spacer\" data-id=\"512e374\" data-element_type=\"widget\" data-e-type=\"widget\" data-widget_type=\"spacer.default\">\n\t\t\t\t<div class=\"elementor-widget-container\">\n\t\t\t\t\t\t\t<div class=\"elementor-spacer\">\n\t\t\t<div class=\"elementor-spacer-inner\"><\/div>\n\t\t<\/div>\n\t\t\t\t\t\t<\/div>\n\t\t\t\t<\/div>\n\t\t\t\t\t<\/div>\n\t\t<\/div>\n\t\t\t\t\t<\/div>\n\t\t<\/section>\n\t\t\t\t<section class=\"elementor-section elementor-top-section elementor-element elementor-element-732ed3f elementor-section-boxed elementor-section-height-default elementor-section-height-default\" data-id=\"732ed3f\" data-element_type=\"section\" data-e-type=\"section\">\n\t\t\t\t\t\t<div class=\"elementor-container elementor-column-gap-default\">\n\t\t\t\t\t<div class=\"elementor-column elementor-col-50 elementor-top-column elementor-element elementor-element-3a6f6aa\" data-id=\"3a6f6aa\" data-element_type=\"column\" data-e-type=\"column\">\n\t\t\t<div class=\"elementor-widget-wrap elementor-element-populated\">\n\t\t\t\t\t\t<div class=\"elementor-element elementor-element-4c1c7b9 elementor-align-right elementor-mobile-align-center elementor-widget elementor-widget-button\" data-id=\"4c1c7b9\" data-element_type=\"widget\" data-e-type=\"widget\" data-widget_type=\"button.default\">\n\t\t\t\t<div class=\"elementor-widget-container\">\n\t\t\t\t\t\t\t\t\t<div class=\"elementor-button-wrapper\">\n\t\t\t\t\t<a class=\"elementor-button elementor-button-link elementor-size-sm\" href=\"https:\/\/www.chicha-tiime.fr\/contact\/\">\n\t\t\t\t\t\t<span class=\"elementor-button-content-wrapper\">\n\t\t\t\t\t\t<span class=\"elementor-button-icon\">\n\t\t\t\t<i aria-hidden=\"true\" class=\"fas fa-phone\"><\/i>\t\t\t<\/span>\n\t\t\t\t\t\t\t\t\t<span class=\"elementor-button-text\">CONTACT<\/span>\n\t\t\t\t\t<\/span>\n\t\t\t\t\t<\/a>\n\t\t\t\t<\/div>\n\t\t\t\t\t\t\t\t<\/div>\n\t\t\t\t<\/div>\n\t\t\t\t\t<\/div>\n\t\t<\/div>\n\t\t\t\t<div class=\"elementor-column elementor-col-50 elementor-top-column elementor-element elementor-element-1f26704\" data-id=\"1f26704\" data-element_type=\"column\" data-e-type=\"column\">\n\t\t\t<div class=\"elementor-widget-wrap elementor-element-populated\">\n\t\t\t\t\t\t<div class=\"elementor-element elementor-element-5ee246e elementor-align-left elementor-mobile-align-center elementor-widget elementor-widget-button\" data-id=\"5ee246e\" data-element_type=\"widget\" data-e-type=\"widget\" data-widget_type=\"button.default\">\n\t\t\t\t<div class=\"elementor-widget-container\">\n\t\t\t\t\t\t\t\t\t<div class=\"elementor-button-wrapper\">\n\t\t\t\t\t<a class=\"elementor-button elementor-button-link elementor-size-sm\" href=\"https:\/\/www.chicha-tiime.fr\/boutique\/\">\n\t\t\t\t\t\t<span class=\"elementor-button-content-wrapper\">\n\t\t\t\t\t\t<span class=\"elementor-button-icon\">\n\t\t\t\t<i aria-hidden=\"true\" class=\"fas fa-shopping-basket\"><\/i>\t\t\t<\/span>\n\t\t\t\t\t\t\t\t\t<span class=\"elementor-button-text\">BOUTIQUE<\/span>\n\t\t\t\t\t<\/span>\n\t\t\t\t\t<\/a>\n\t\t\t\t<\/div>\n\t\t\t\t\t\t\t\t<\/div>\n\t\t\t\t<\/div>\n\t\t\t\t\t<\/div>\n\t\t<\/div>\n\t\t\t\t\t<\/div>\n\t\t<\/section>\n\t\t\t\t<section class=\"elementor-section elementor-top-section elementor-element elementor-element-aecc613 elementor-section-boxed elementor-section-height-default elementor-section-height-default\" data-id=\"aecc613\" data-element_type=\"section\" data-e-type=\"section\">\n\t\t\t\t\t\t<div class=\"elementor-container elementor-column-gap-default\">\n\t\t\t\t\t<div class=\"elementor-column elementor-col-100 elementor-top-column elementor-element elementor-element-5ae96b1\" data-id=\"5ae96b1\" data-element_type=\"column\" data-e-type=\"column\">\n\t\t\t<div class=\"elementor-widget-wrap elementor-element-populated\">\n\t\t\t\t\t\t<div class=\"elementor-element elementor-element-0842872 elementor-widget elementor-widget-spacer\" data-id=\"0842872\" data-element_type=\"widget\" data-e-type=\"widget\" data-widget_type=\"spacer.default\">\n\t\t\t\t<div class=\"elementor-widget-container\">\n\t\t\t\t\t\t\t<div class=\"elementor-spacer\">\n\t\t\t<div class=\"elementor-spacer-inner\"><\/div>\n\t\t<\/div>\n\t\t\t\t\t\t<\/div>\n\t\t\t\t<\/div>\n\t\t\t\t\t<\/div>\n\t\t<\/div>\n\t\t\t\t\t<\/div>\n\t\t<\/section>\n\t\t\t\t<section class=\"elementor-section elementor-top-section elementor-element elementor-element-d05d3e8 elementor-section-full_width elementor-section-stretched elementor-section-height-default elementor-section-height-default\" data-id=\"d05d3e8\" data-element_type=\"section\" data-e-type=\"section\" data-settings=\"{&quot;stretch_section&quot;:&quot;section-stretched&quot;}\">\n\t\t\t\t\t\t<div class=\"elementor-container elementor-column-gap-no\">\n\t\t\t\t\t<div class=\"elementor-column elementor-col-100 elementor-top-column elementor-element elementor-element-6782f16\" data-id=\"6782f16\" data-element_type=\"column\" data-e-type=\"column\">\n\t\t\t<div class=\"elementor-widget-wrap elementor-element-populated\">\n\t\t\t\t\t\t<div class=\"elementor-element elementor-element-211d608 elementor-widget elementor-widget-google_maps\" data-id=\"211d608\" data-element_type=\"widget\" data-e-type=\"widget\" data-widget_type=\"google_maps.default\">\n\t\t\t\t<div class=\"elementor-widget-container\">\n\t\t\t\t\t\t\t<div class=\"elementor-custom-embed\">\n\t\t\t<iframe loading=\"lazy\"\n\t\t\t\t\tsrc=\"https:\/\/maps.google.com\/maps?q=Chicha%20Tiime&#038;t=m&#038;z=13&#038;output=embed&#038;iwloc=near\"\n\t\t\t\t\ttitle=\"Chicha Tiime\"\n\t\t\t\t\taria-label=\"Chicha Tiime\"\n\t\t\t><\/iframe>\n\t\t<\/div>\n\t\t\t\t\t\t<\/div>\n\t\t\t\t<\/div>\n\t\t\t\t\t<\/div>\n\t\t<\/div>\n\t\t\t\t\t<\/div>\n\t\t<\/section>\n\t\t\t\t<\/div>\n\t\t","protected":false},"excerpt":{"rendered":"<p>CHICHA TIIME Notre magasin Chicha Tiime, votre partenaire d\u00e9tente. https:\/\/www.youtube.com\/watch?v=lAiAk9U42Dg Implant\u00e9 depuis 2016 en r\u00e9gion parisienne, Chicha Tiime est l&rsquo;un\u00a0des&#8230;<\/p>","protected":false},"author":1,"featured_media":0,"parent":0,"menu_order":0,"comment_status":"closed","ping_status":"closed","template":"","meta":{"om_disable_all_campaigns":false,"_monsterinsights_skip_tracking":false,"_monsterinsights_sitenote_active":false,"_monsterinsights_sitenote_note":"","_monsterinsights_sitenote_category":0,"_uf_show_specific_survey":0,"_uf_disable_surveys":false,"footnotes":""},"class_list":["post-1008","page","type-page","status-publish","hentry"],"aioseo_notices":[],"jetpack_sharing_enabled":true,"_links":{"self":[{"href":"https:\/\/www.chicha-tiime.fr\/en\/wp-json\/wp\/v2\/pages\/1008","targetHints":{"allow":["GET"]}}],"collection":[{"href":"https:\/\/www.chicha-tiime.fr\/en\/wp-json\/wp\/v2\/pages"}],"about":[{"href":"https:\/\/www.chicha-tiime.fr\/en\/wp-json\/wp\/v2\/types\/page"}],"author":[{"embeddable":true,"href":"https:\/\/www.chicha-tiime.fr\/en\/wp-json\/wp\/v2\/users\/1"}],"replies":[{"embeddable":true,"href":"https:\/\/www.chicha-tiime.fr\/en\/wp-json\/wp\/v2\/comments?post=1008"}],"version-history":[{"count":46,"href":"https:\/\/www.chicha-tiime.fr\/en\/wp-json\/wp\/v2\/pages\/1008\/revisions"}],"predecessor-version":[{"id":8450,"href":"https:\/\/www.chicha-tiime.fr\/en\/wp-json\/wp\/v2\/pages\/1008\/revisions\/8450"}],"wp:attachment":[{"href":"https:\/\/www.chicha-tiime.fr\/en\/wp-json\/wp\/v2\/media?parent=1008"}],"curies":[{"name":"wp","href":"https:\/\/api.w.org\/{rel}","templated":true}]}}